{"id":9718,"date":"2025-04-11T02:42:58","date_gmt":"2025-04-11T02:42:58","guid":{"rendered":"https:\/\/divingseasons.com\/?page_id=9718"},"modified":"2025-04-14T11:50:32","modified_gmt":"2025-04-14T11:50:32","slug":"plongeurs-de-cebu","status":"publish","type":"page","link":"https:\/\/divingseasons.com\/fr\/plongeurs-de-cebu\/","title":{"rendered":"Plongeurs de Cebu"},"content":{"rendered":"\t\t<div data-elementor-type=\"wp-page\" data-elementor-id=\"9718\" class=\"elementor elementor-9718 elementor-9654\" data-elementor-post-type=\"page\">\n\t\t\t\t<div class=\"elementor-element elementor-element-469b1c64 e-flex e-con-boxed e-con e-parent\" data-id=\"469b1c64\" data-element_type=\"container\" data-e-type=\"container\">\n\t\t\t\t\t<div class=\"e-con-inner\">\n\t\t\r\n\t\t<div class=\"elementor-element elementor-element-4b5968e0 elementor-widget__width-inherit elementor-widget-mobile__width-inherit elementor-widget elementor-widget-tourmsectiontitle\" data-id=\"4b5968e0\" data-element_type=\"widget\" data-e-type=\"widget\" data-widget_type=\"tourmsectiontitle.default\">\n\t\t\t\t<div class=\"elementor-widget-container\">\n\t\t\t\t\t\t\t<div class=\"title-area text-center \">\r\n\t\t\t<span class=\"sub-title \">PADI 5 Star Dive resort<\/span><h2 class=\"sec-title \">Cebu fun divers<\/h2>\t\t<\/div>\r\n\r\n\t\t\t\t\t<\/div>\n\t\t\t\t<\/div>\n\t\t\t\t<div class=\"elementor-element elementor-element-6fd5f93 elementor-widget elementor-widget-tourmsliderimage\" data-id=\"6fd5f93\" data-element_type=\"widget\" data-e-type=\"widget\" data-widget_type=\"tourmsliderimage.default\">\n\t\t\t\t<div class=\"elementor-widget-container\">\n\t\t\t\t\t<div class=\"container-fuild\"><div class=\"row gy-4 gallery-row4\"><div class=\"col-auto\"><div class=\"gallery-box style5\"><div class=\"gallery-img global-img\"><img decoding=\"async\" src=\"https:\/\/divingseasons.com\/wp-content\/uploads\/2025\/04\/cebufundivers.jpeg\" alt=\"cebufundivers\"  \/><a href=\"https:\/\/divingseasons.com\/wp-content\/uploads\/2025\/04\/cebufundivers.jpeg\" class=\"icon-btn popup-image\"><i class=\"fal fa-magnifying-glass-plus\"><\/i><\/a><\/div><\/div><\/div><div class=\"col-auto\"><div class=\"gallery-box style5\"><div class=\"gallery-img global-img\"><img decoding=\"async\" src=\"https:\/\/divingseasons.com\/wp-content\/uploads\/2025\/04\/6abfef60221f67947fea3b758a192e40.webp\" alt=\"6abfef60221f67947fea3b758a192e40\"  \/><a href=\"https:\/\/divingseasons.com\/wp-content\/uploads\/2025\/04\/6abfef60221f67947fea3b758a192e40.webp\" class=\"icon-btn popup-image\"><i class=\"fal fa-magnifying-glass-plus\"><\/i><\/a><\/div><\/div><\/div><div class=\"col-auto\"><div class=\"gallery-box style5\"><div class=\"gallery-img global-img\"><img decoding=\"async\" src=\"https:\/\/divingseasons.com\/wp-content\/uploads\/2025\/04\/882f4cc65fec0fb64ed55224e6c44103.webp\" alt=\"882f4cc65fec0fb64ed55224e6c44103\"  \/><a href=\"https:\/\/divingseasons.com\/wp-content\/uploads\/2025\/04\/882f4cc65fec0fb64ed55224e6c44103.webp\" class=\"icon-btn popup-image\"><i class=\"fal fa-magnifying-glass-plus\"><\/i><\/a><\/div><\/div><\/div><div class=\"col-auto\"><div class=\"gallery-box style5\"><div class=\"gallery-img global-img\"><img decoding=\"async\" src=\"https:\/\/divingseasons.com\/wp-content\/uploads\/2025\/04\/cebu-1.webp\" alt=\"cebu 1\"  \/><a href=\"https:\/\/divingseasons.com\/wp-content\/uploads\/2025\/04\/cebu-1.webp\" class=\"icon-btn popup-image\"><i class=\"fal fa-magnifying-glass-plus\"><\/i><\/a><\/div><\/div><\/div><\/div><\/div>\t\t\t\t<\/div>\n\t\t\t\t<\/div>\n\t\t\t\t\t<\/div>\n\t\t\t\t<\/div>\n\t\t<div class=\"elementor-element elementor-element-40cd41a0 e-flex e-con-boxed e-con e-parent\" data-id=\"40cd41a0\" data-element_type=\"container\" data-e-type=\"container\">\n\t\t\t\t\t<div class=\"e-con-inner\">\n\t\t\t\t<div class=\"elementor-element elementor-element-1f05b028 elementor-widget__width-inherit elementor-widget-mobile__width-inherit elementor-widget elementor-widget-tourmsectiontitle\" data-id=\"1f05b028\" data-element_type=\"widget\" data-e-type=\"widget\" data-widget_type=\"tourmsectiontitle.default\">\n\t\t\t\t<div class=\"elementor-widget-container\">\n\t\t\t\t\t\t\t<div class=\"title-area text-left \">\r\n\t\t\t<h3 class=\"sec-title \">Overview<\/h3>\t\t<\/div>\r\n\r\n\t\t\t\t\t<\/div>\n\t\t\t\t<\/div>\n\t\t\t\t<div class=\"elementor-element elementor-element-380a1a9e elementor-widget__width-inherit elementor-widget-mobile__width-inherit elementor-widget elementor-widget-text-editor\" data-id=\"380a1a9e\" data-element_type=\"widget\" data-e-type=\"widget\" data-widget_type=\"text-editor.default\">\n\t\t\t\t<div class=\"elementor-widget-container\">\n\t\t\t\t\t\t\t\t\t<p class=\"\" data-start=\"177\" data-end=\"297\"><span class=\"relative -mx-px my-[-0.2rem] rounded px-px py-[0.2rem] transition-colors duration-100 ease-in-out\">Situ\u00e9 dans le Cebu Seaview Dive Resort, \u00e0 l&#8217;extr\u00e9mit\u00e9 sud de la plage de Panagsama, Cebu Fun Divers offre un acc\u00e8s direct aux r\u00e9cifs coralliens et une vue imprenable sur la baie de Moalboal et l&#8217;\u00eele de Pescador<\/span>.<\/p><p class=\"\" data-start=\"299\" data-end=\"314\"><strong data-start=\"299\" data-end=\"314\">Faits marquants :<\/strong><\/p><ul data-start=\"316\" data-end=\"945\"><li class=\"\" data-start=\"316\" data-end=\"419\"><p class=\"\" data-start=\"318\" data-end=\"419\"><strong data-start=\"318\" data-end=\"337\">Situation privil\u00e9gi\u00e9e :<\/strong> <span class=\"relative -mx-px my-[-0.2rem] rounded px-px py-[0.2rem] transition-colors duration-100 ease-in-out\">Acc\u00e8s imm\u00e9diat \u00e0 un r\u00e9cif grouillant de tortues et \u00e0 la c\u00e9l\u00e8bre p\u00eacherie de sardines de Moalboal.<\/span><\/p><\/li><li class=\"\" data-start=\"421\" data-end=\"528\"><p class=\"\" data-start=\"423\" data-end=\"528\"><strong data-start=\"423\" data-end=\"446\">Sites de plong\u00e9e diversifi\u00e9s :<\/strong> <span class=\"relative -mx-px my-[-0.2rem] rounded px-px py-[0.2rem] transition-colors duration-100 ease-in-out\">Proximit\u00e9 de l&#8217;\u00eele Pescador et d&#8217;autres sites de plong\u00e9e spectaculaires, id\u00e9aux pour les d\u00e9butants comme pour les plongeurs exp\u00e9riment\u00e9s.<\/span><\/p><\/li><li class=\"\" data-start=\"530\" data-end=\"645\"><p class=\"\" data-start=\"532\" data-end=\"645\"><strong data-start=\"532\" data-end=\"559\">Services complets :<\/strong> <span class=\"relative -mx-px my-[-0.2rem] rounded px-px py-[0.2rem] transition-colors duration-100 ease-in-out\">Offre de cours PADI du niveau d\u00e9butant au niveau professionnel, location d&#8217;\u00e9quipement et safaris de plong\u00e9e dans la r\u00e9gion des Visayas.<\/span><\/p><\/li><li class=\"\" data-start=\"647\" data-end=\"791\"><p class=\"\" data-start=\"649\" data-end=\"791\"><strong data-start=\"649\" data-end=\"664\">Installations :<\/strong> <span class=\"relative -mx-px my-[-0.2rem] rounded px-px py-[0.2rem] transition-colors duration-100 ease-in-out\">Piscine d&#8217;entra\u00eenement sur place, salle de classe, Wi-Fi gratuit et bar de la piscine pour se d\u00e9tendre apr\u00e8s les plong\u00e9es<\/span>.<\/p><\/li><\/ul>\t\t\t\t\t\t\t\t<\/div>\n\t\t\t\t<\/div>\n\t\t<div class=\"elementor-element elementor-element-5afdc02a e-con-full e-flex e-con e-child\" data-id=\"5afdc02a\" data-element_type=\"container\" data-e-type=\"container\">\n\t\t<div class=\"elementor-element elementor-element-59c40efc e-con-full e-flex e-con e-child\" data-id=\"59c40efc\" data-element_type=\"container\" data-e-type=\"container\">\n\t\t<div class=\"elementor-element elementor-element-1bbbeb89 e-con-full e-flex e-con e-child\" data-id=\"1bbbeb89\" data-element_type=\"container\" data-e-type=\"container\">\n\t\t\t\t<div class=\"elementor-element elementor-element-15922e3b elementor-view-stacked elementor-position-inline-start elementor-shape-circle elementor-mobile-position-block-start elementor-widget elementor-widget-icon-box\" data-id=\"15922e3b\" data-element_type=\"widget\" data-e-type=\"widget\" data-widget_type=\"icon-box.default\">\n\t\t\t\t<div class=\"elementor-widget-container\">\n\t\t\t\t\t\t\t<div class=\"elementor-icon-box-wrapper\">\n\n\t\t\t\t\t\t<div class=\"elementor-icon-box-icon\">\n\t\t\t\t<span  class=\"elementor-icon\">\n\t\t\t\t<i aria-hidden=\"true\" class=\"far fa-file\"><\/i>\t\t\t\t<\/span>\n\t\t\t<\/div>\n\t\t\t\n\t\t\t\t\t\t<div class=\"elementor-icon-box-content\">\n\n\t\t\t\t\t\t\t\t\t<h3 class=\"elementor-icon-box-title\">\n\t\t\t\t\t\t<span  >\n\t\t\t\t\t\t\tActivit\u00e9s propos\u00e9es\t\t\t\t\t\t<\/span>\n\t\t\t\t\t<\/h3>\n\t\t\t\t\n\t\t\t\t\t\t\t\t\t<p class=\"elementor-icon-box-description\">\n\t\t\t\t\t\tCours de plong\u00e9e PADI, Fun diving, Excursions, transferts, h\u00e9bergement\t\t\t\t\t<\/p>\n\t\t\t\t\n\t\t\t<\/div>\n\t\t\t\n\t\t<\/div>\n\t\t\t\t\t\t<\/div>\n\t\t\t\t<\/div>\n\t\t\t\t<\/div>\n\t\t<div class=\"elementor-element elementor-element-79a2b09a e-con-full e-flex e-con e-child\" data-id=\"79a2b09a\" data-element_type=\"container\" data-e-type=\"container\">\n\t\t\t\t<div class=\"elementor-element elementor-element-238ec2c5 elementor-view-stacked elementor-position-inline-start elementor-shape-circle elementor-mobile-position-block-start elementor-widget elementor-widget-icon-box\" data-id=\"238ec2c5\" data-element_type=\"widget\" data-e-type=\"widget\" data-widget_type=\"icon-box.default\">\n\t\t\t\t<div class=\"elementor-widget-container\">\n\t\t\t\t\t\t\t<div class=\"elementor-icon-box-wrapper\">\n\n\t\t\t\t\t\t<div class=\"elementor-icon-box-icon\">\n\t\t\t\t<span  class=\"elementor-icon\">\n\t\t\t\t<i aria-hidden=\"true\" class=\"fas fa-star\"><\/i>\t\t\t\t<\/span>\n\t\t\t<\/div>\n\t\t\t\n\t\t\t\t\t\t<div class=\"elementor-icon-box-content\">\n\n\t\t\t\t\t\t\t\t\t<h3 class=\"elementor-icon-box-title\">\n\t\t\t\t\t\t<span  >\n\t\t\t\t\t\t\tLangues\t\t\t\t\t\t<\/span>\n\t\t\t\t\t<\/h3>\n\t\t\t\t\n\t\t\t\t\t\t\t\t\t<p class=\"elementor-icon-box-description\">\n\t\t\t\t\t\tAnglais, espagnol, allemand, philippin\t\t\t\t\t<\/p>\n\t\t\t\t\n\t\t\t<\/div>\n\t\t\t\n\t\t<\/div>\n\t\t\t\t\t\t<\/div>\n\t\t\t\t<\/div>\n\t\t\t\t<\/div>\n\t\t<div class=\"elementor-element elementor-element-278f7374 e-con-full e-flex e-con e-child\" data-id=\"278f7374\" data-element_type=\"container\" data-e-type=\"container\">\n\t\t\t\t<div class=\"elementor-element elementor-element-40c54f51 elementor-view-stacked elementor-position-inline-start elementor-shape-circle elementor-mobile-position-block-start elementor-widget elementor-widget-icon-box\" data-id=\"40c54f51\" data-element_type=\"widget\" data-e-type=\"widget\" data-widget_type=\"icon-box.default\">\n\t\t\t\t<div class=\"elementor-widget-container\">\n\t\t\t\t\t\t\t<div class=\"elementor-icon-box-wrapper\">\n\n\t\t\t\t\t\t<div class=\"elementor-icon-box-icon\">\n\t\t\t\t<span  class=\"elementor-icon\">\n\t\t\t\t<i aria-hidden=\"true\" class=\"far fa-clock\"><\/i>\t\t\t\t<\/span>\n\t\t\t<\/div>\n\t\t\t\n\t\t\t\t\t\t<div class=\"elementor-icon-box-content\">\n\n\t\t\t\t\t\t\t\t\t<h3 class=\"elementor-icon-box-title\">\n\t\t\t\t\t\t<span  >\n\t\t\t\t\t\t\tHeures\t\t\t\t\t\t<\/span>\n\t\t\t\t\t<\/h3>\n\t\t\t\t\n\t\t\t\t\t\t\t\t\t<p class=\"elementor-icon-box-description\">\n\t\t\t\t\t\t<div class=\"working-hours\">\n   <div class=\"week-day\">\n      <div class=\"days\">\n         <span>Lundi :<\/span>\n      <\/div>\n      <div class=\"hours\">\n         <span class=\"open-times\">\n         <span>08:00 AM<\/span>\n         <span class=\"delimeter\">-<\/span>\n         <span>17:00 HEURES<\/span>\n         <\/span>\n      <\/div>\n   <\/div>\n   <div class=\"week-day\">\n      <div class=\"days\">\n         <span>Mar :<\/span>\n      <\/div>\n      <div class=\"hours\">\n         <span class=\"open-times\">\n         <span>08:00 AM<\/span>\n         <span class=\"delimeter\">-<\/span>\n         <span>17:00 HEURES<\/span>\n         <\/span>\n      <\/div>\n   <\/div>\n   <div class=\"week-day\">\n      <div class=\"days\">\n         <span>Mercredi :<\/span>\n      <\/div>\n      <div class=\"hours\">\n         <span class=\"open-times\">\n         <span>08:00 AM<\/span>\n         <span class=\"delimeter\">-<\/span>\n         <span>17:00 HEURES<\/span>\n         <\/span>\n      <\/div>\n   <\/div>\n   <div class=\"week-day\">\n      <div class=\"days\">\n         <span>Jeu :<\/span>\n      <\/div>\n      <div class=\"hours\">\n         <span class=\"open-times\">\n         <span>08:00 AM<\/span>\n         <span class=\"delimeter\">-<\/span>\n         <span>17:00 HEURES<\/span>\n         <\/span>\n      <\/div>\n   <\/div>\n   <div class=\"week-day\">\n      <div class=\"days\">\n         <span>Fri :<\/span>\n      <\/div>\n      <div class=\"hours\">\n         <span class=\"open-times\">\n         <span>08:00 AM<\/span>\n         <span class=\"delimeter\">-<\/span>\n         <span>17:00 HEURES<\/span>\n         <\/span>\n      <\/div>\n   <\/div>\n   <div class=\"week-day\">\n      <div class=\"days\">\n         <span>Samedi :<\/span>\n      <\/div>\n      <div class=\"hours\">\n         <span class=\"open-times\">\n         <span>08:00 AM<\/span>\n         <span class=\"delimeter\">-<\/span>\n         <span>17:00 HEURES<\/span>\n         <\/span>\n      <\/div>\n   <\/div>\n   <div class=\"week-day\">\n      <div class=\"days\">\n         <span>Soleil :<\/span>\n      <\/div>\n      <div class=\"hours\">\n         <span class=\"open-times\">\n         <span>07:00 AM<\/span>\n         <span class=\"delimeter\">-<\/span>\n         <span>07:00 HEURES<\/span>\n         <\/span>\n      <\/div>\n   <\/div>\n<\/div>\t\t\t\t\t<\/p>\n\t\t\t\t\n\t\t\t<\/div>\n\t\t\t\n\t\t<\/div>\n\t\t\t\t\t\t<\/div>\n\t\t\t\t<\/div>\n\t\t\t\t<\/div>\n\t\t\t\t<div class=\"elementor-element elementor-element-7cac157 elementor-view-stacked elementor-position-inline-start elementor-shape-circle elementor-mobile-position-block-start elementor-widget elementor-widget-icon-box\" data-id=\"7cac157\" data-element_type=\"widget\" data-e-type=\"widget\" data-widget_type=\"icon-box.default\">\n\t\t\t\t<div class=\"elementor-widget-container\">\n\t\t\t\t\t\t\t<div class=\"elementor-icon-box-wrapper\">\n\n\t\t\t\t\t\t<div class=\"elementor-icon-box-icon\">\n\t\t\t\t<span  class=\"elementor-icon\">\n\t\t\t\t<i aria-hidden=\"true\" class=\"far fa-gem\"><\/i>\t\t\t\t<\/span>\n\t\t\t<\/div>\n\t\t\t\n\t\t\t\t\t\t<div class=\"elementor-icon-box-content\">\n\n\t\t\t\t\t\t\t\t\t<h3 class=\"elementor-icon-box-title\">\n\t\t\t\t\t\t<span  >\n\t\t\t\t\t\t\tPrix\t\t\t\t\t\t<\/span>\n\t\t\t\t\t<\/h3>\n\t\t\t\t\n\t\t\t\t\t\t\t\t\t<p class=\"elementor-icon-box-description\">\n\t\t\t\t\t\tEco Center\n, Palmes vertes\t\t\t\t\t<\/p>\n\t\t\t\t\n\t\t\t<\/div>\n\t\t\t\n\t\t<\/div>\n\t\t\t\t\t\t<\/div>\n\t\t\t\t<\/div>\n\t\t\t\t<\/div>\n\t\t<div class=\"elementor-element elementor-element-3fcd1731 e-con-full e-flex e-con e-child\" data-id=\"3fcd1731\" data-element_type=\"container\" data-e-type=\"container\">\n\t\t<div class=\"elementor-element elementor-element-3f2ce130 e-con-full e-flex e-con e-child\" data-id=\"3f2ce130\" data-element_type=\"container\" data-e-type=\"container\">\n\t\t\t\t<div class=\"elementor-element elementor-element-72bdd21d elementor-view-stacked elementor-position-inline-start elementor-shape-circle elementor-mobile-position-block-start elementor-widget elementor-widget-icon-box\" data-id=\"72bdd21d\" data-element_type=\"widget\" data-e-type=\"widget\" data-widget_type=\"icon-box.default\">\n\t\t\t\t<div class=\"elementor-widget-container\">\n\t\t\t\t\t\t\t<div class=\"elementor-icon-box-wrapper\">\n\n\t\t\t\t\t\t<div class=\"elementor-icon-box-icon\">\n\t\t\t\t<a href=\"tel:+62%20361%204738020\" class=\"elementor-icon\" tabindex=\"-1\" aria-label=\"Adresse\">\n\t\t\t\t<i aria-hidden=\"true\" class=\"fas fa-map-marker-alt\"><\/i>\t\t\t\t<\/a>\n\t\t\t<\/div>\n\t\t\t\n\t\t\t\t\t\t<div class=\"elementor-icon-box-content\">\n\n\t\t\t\t\t\t\t\t\t<h3 class=\"elementor-icon-box-title\">\n\t\t\t\t\t\t<a href=\"tel:+62%20361%204738020\" >\n\t\t\t\t\t\t\tAdresse\t\t\t\t\t\t<\/a>\n\t\t\t\t\t<\/h3>\n\t\t\t\t\n\t\t\t\t\t\t\t\t\t<p class=\"elementor-icon-box-description\">\n\t\t\t\t\t\tPrivate Road, Panagsama Beach, Cebu, , Moalboal, 6032, Philippines\n\n\t\t\t\t\t<\/p>\n\t\t\t\t\n\t\t\t<\/div>\n\t\t\t\n\t\t<\/div>\n\t\t\t\t\t\t<\/div>\n\t\t\t\t<\/div>\n\t\t\t\t<\/div>\n\t\t\t\t<\/div>\n\t\t\t\t<\/div>\n\t\t\t\t\t<\/div>\n\t\t\t\t<\/div>\n\t\t<div class=\"elementor-element elementor-element-3b851fbe e-flex e-con-boxed e-con e-parent\" data-id=\"3b851fbe\" data-element_type=\"container\" data-e-type=\"container\">\n\t\t\t\t\t<div class=\"e-con-inner\">\n\t\t\t\t<div class=\"elementor-element elementor-element-401d3750 elementor-widget__width-inherit elementor-widget-mobile__width-inherit elementor-widget elementor-widget-tourmsectiontitle\" data-id=\"401d3750\" data-element_type=\"widget\" data-e-type=\"widget\" data-widget_type=\"tourmsectiontitle.default\">\n\t\t\t\t<div class=\"elementor-widget-container\">\n\t\t\t\t\t\t\t<div class=\"title-area text-left \">\r\n\t\t\t<h3 class=\"sec-title \">Our Courses<\/h3>\t\t<\/div>\r\n\r\n\t\t\t\t\t<\/div>\n\t\t\t\t<\/div>\n\t\t\t\t<div class=\"elementor-element elementor-element-4cbc297 elementor-widget elementor-widget-shortcode\" data-id=\"4cbc297\" data-element_type=\"widget\" data-e-type=\"widget\" data-widget_type=\"shortcode.default\">\n\t\t\t\t<div class=\"elementor-widget-container\">\n\t\t\t\t\t\t\t<div class=\"elementor-shortcode\">\n\n<style id=\"filter-inline-css-1\">#ymc-smart-filter-container-1 .filter-layout2 .filter-entry .filter-link, #ymc-extra-filter-1 .filter-layout2 .filter-entry .filter-link { font-family:Roboto;}<\/style><style id=\"post-inline-css-1\">#ymc-smart-filter-container-1 .container-posts .post-entry.post-layout1 {font-family:Roboto}<\/style><div id=\"ymc-smart-filter-container-1\" \r\n\t\t\t\t  class=\"ymc-smart-filter-container ymc-filter-5956 ymc-loaded-filter ymc-filter-layout2 ymc-post-layout1 ymc-pagination-numeric data-target-ymc5956-1 data-target-ymc1 \" data-loading=\"true\"\r\n\t\t\t\t  data-params='{\"cpt\":\"trip\",\"tax\":\"trip_types,difficulty\",\"terms\":\"62,63,64,78,79,65,66,68,69,70,71,72,77,73,74,75,76,80\",\"default_terms\":\"\",\"exclude_posts\":\"off\",\"choices_posts\":\"\",\"posts_selected\":\"all\",\"preloader_icon\":\"preloader_1\",\"type_pg\":\"numeric\",\"per_page\":\"4\",\"page\":\"1\",\"page_scroll\":\"1\",\"preloader_filters\":\"none\",\"preloader_filters_rate\":\"0.5\",\"preloader_filters_custom\":\"\",\"post_animation\":\"\",\"popup_animation\":\"normal\",\"letter\":\"\",\"post_layout\":\"post-layout1\",\"filter_layout\":\"filter-layout2\",\"filter_id\":\"5956\",\"search\":\"\",\"search_filtered_posts\":\"0\",\"carousel_params\":&quot;&quot;,\"filter_date\":\"\",\"sort_order\":\"\",\"sort_orderby\":\"\",\"meta_key\":\"\",\"meta_query\":\"\",\"date_query\":\"\",\"data_target\":\"data-target-ymc1\",\"target_id\":\"1\",\"page_id\":\"0\"}'>\r\n\r\n<div id=\"filter-layout2-1\" class=\"filter-layout filter-layout2 filter-layout2-5956 filter-layout2-5956-1\">\r\n\r\n\t\r\n\r\n\t<ul class=\"filter-entry\">\r\n\r\n\t\t<li class=\"filter-item\"><a class=\"filter-link all active\" aria-label=\"All\" role=\"button\" data-selected=\"all\" data-termid=\"62,63,64,78,79,65,66,68,69,70,71,72,77,73,74,75,76,80\">All<\/a><\/li><li class=\"group-filters tax-trip_types\" style=\"\">\r\n                          <header class=\"name-tax\">Diving<\/header>\r\n                          <ul class=\"sub-filters\"><li class='filter-item'>\r\n                                   <a class='filter-link  right-icon   ' style='' aria-label='Scuba Diving' role='button' data-selected='cat-scuba-diving' data-termid='62'><i class=\"fas fa-chevron-down\" style=\"color: #3c434a\"><\/i><span class=\"link-inner\">Scuba Diving<\/span><\/a><\/li><li class='filter-item'>\r\n                                   <a class='filter-link  right-icon   ' style='' aria-label='Fun Diving' role='button' data-selected='cat-fun-diving' data-termid='63'><i class=\"fas fa-chevron-down\" style=\"color: #3c434a\"><\/i><span class=\"link-inner\">Fun Diving<\/span><\/a><\/li><li class='filter-item'>\r\n                                   <a class='filter-link  right-icon   ' style='' aria-label='Free Diving' role='button' data-selected='cat-free-diving' data-termid='64'><i class=\"fas fa-chevron-down\" style=\"color: #3c434a\"><\/i><span class=\"link-inner\">Free Diving<\/span><\/a><\/li><li class='filter-item'>\r\n                                   <a class='filter-link  left-icon isDisabled  ' style='' aria-label='Unlimited Diving Package' role='button' data-selected='unlimited-diving-package' data-termid='78'><span class=\"link-inner\">Unlimited Diving Package<\/span><\/a><\/li><\/ul><\/li><li class=\"group-filters tax-difficulty\" style=\"\">\r\n                          <header class=\"name-tax\">Courses and Diving <\/header>\r\n                          <ul class=\"sub-filters\"><li class='filter-item'>\r\n                                   <a class='filter-link  left-icon   ' style='' aria-label='Discovery Scuba Diving (DSD)' role='button' data-selected='discovery-scuba-diving-dsd' data-termid='79'><span class=\"link-inner\">Discovery Scuba Diving (DSD)<\/span><\/a><\/li><li class='filter-item'>\r\n                                   <a class='filter-link  left-icon   ' style='' aria-label='Open water' role='button' data-selected='open-water' data-termid='65'><span class=\"link-inner\">Open water<\/span><\/a><\/li><li class='filter-item'>\r\n                                   <a class='filter-link  left-icon   ' style='' aria-label='Advance' role='button' data-selected='advance' data-termid='66'><span class=\"link-inner\">Advance<\/span><\/a><\/li><li class='filter-item'>\r\n                                   <a class='filter-link  left-icon   ' style='' aria-label='Rescue diver' role='button' data-selected='rescue-diver' data-termid='68'><span class=\"link-inner\">Rescue diver<\/span><\/a><\/li><li class='filter-item'>\r\n                                   <a class='filter-link  left-icon   ' style='' aria-label='Nitrox' role='button' data-selected='nitrox' data-termid='69'><span class=\"link-inner\">Nitrox<\/span><\/a><\/li><li class='filter-item'>\r\n                                   <a class='filter-link  left-icon   ' style='' aria-label='level 1' role='button' data-selected='level-1' data-termid='70'><span class=\"link-inner\">level 1<\/span><\/a><\/li><li class='filter-item'>\r\n                                   <a class='filter-link  left-icon   ' style='' aria-label='level 2' role='button' data-selected='level-2' data-termid='71'><span class=\"link-inner\">level 2<\/span><\/a><\/li><li class='filter-item'>\r\n                                   <a class='filter-link  left-icon   ' style='' aria-label='level 3' role='button' data-selected='level-3' data-termid='72'><span class=\"link-inner\">level 3<\/span><\/a><\/li><li class='filter-item'>\r\n                                   <a class='filter-link  left-icon   ' style='' aria-label='expert' role='button' data-selected='expert' data-termid='77'><span class=\"link-inner\">expert<\/span><\/a><\/li><li class='filter-item'>\r\n                                   <a class='filter-link  left-icon   ' style='' aria-label='2 dives' role='button' data-selected='2-dives' data-termid='73'><span class=\"link-inner\">2 dives<\/span><\/a><\/li><li class='filter-item'>\r\n                                   <a class='filter-link  left-icon   ' style='' aria-label='3 dives' role='button' data-selected='3-dives' data-termid='74'><span class=\"link-inner\">3 dives<\/span><\/a><\/li><li class='filter-item'>\r\n                                   <a class='filter-link  left-icon   ' style='' aria-label='5 dives' role='button' data-selected='5-dives' data-termid='75'><span class=\"link-inner\">5 dives<\/span><\/a><\/li><li class='filter-item'>\r\n                                   <a class='filter-link  left-icon   ' style='' aria-label='10 dives' role='button' data-selected='10-dives' data-termid='76'><span class=\"link-inner\">10 dives<\/span><\/a><\/li><li class='filter-item'>\r\n                                   <a class='filter-link  left-icon isDisabled  ' style='' aria-label='Deep Explorer Unlimited' role='button' data-selected='deep-explorer-unlimited' data-termid='80'><span class=\"link-inner\">Deep Explorer Unlimited<\/span><\/a><\/li><\/ul><\/li>\r\n\t<\/ul>\r\n\r\n    <div class=\"posts-found\"><\/div>\r\n\r\n\t\r\n<\/div>\r\n\r\n\r\n<div class=\"container-posts container-post-layout1\"><div class=\"post-entry ymc-xs-col-1 ymc-sm-col-2 ymc-md-col-3 ymc-lg-col-4 ymc-xl-col-4 ymc-xxl-col-4 post-layout1 post-layout1-5956 post-layout1-5956-1\"><\/div><\/div><\/div><\/div>\n\t\t\t\t\t\t<\/div>\n\t\t\t\t<\/div>\n\t\t\t\t\t<\/div>\n\t\t\t\t<\/div>\n\t\t\t\t<\/div>\n\t\t","protected":false},"excerpt":{"rendered":"<p>PADI 5 Star Dive resort Cebu fun divers Overview Situ\u00e9 dans le Cebu Seaview Dive Resort, \u00e0 l&#8217;extr\u00e9mit\u00e9 sud de la plage de Panagsama, Cebu Fun Divers offre un acc\u00e8s direct aux r\u00e9cifs coralliens et une vue imprenable sur la baie de Moalboal et l&#8217;\u00eele de Pescador. Faits marquants : Situation privil\u00e9gi\u00e9e : Acc\u00e8s imm\u00e9diat&#8230;<\/p>\n","protected":false},"author":1,"featured_media":0,"parent":0,"menu_order":0,"comment_status":"closed","ping_status":"closed","template":"elementor_header_footer","meta":{"_acf_changed":false,"_joinchat":[],"footnotes":""},"class_list":["post-9718","page","type-page","status-publish","hentry"],"acf":[],"_links":{"self":[{"href":"https:\/\/divingseasons.com\/fr\/wp-json\/wp\/v2\/pages\/9718","targetHints":{"allow":["GET"]}}],"collection":[{"href":"https:\/\/divingseasons.com\/fr\/wp-json\/wp\/v2\/pages"}],"about":[{"href":"https:\/\/divingseasons.com\/fr\/wp-json\/wp\/v2\/types\/page"}],"author":[{"embeddable":true,"href":"https:\/\/divingseasons.com\/fr\/wp-json\/wp\/v2\/users\/1"}],"replies":[{"embeddable":true,"href":"https:\/\/divingseasons.com\/fr\/wp-json\/wp\/v2\/comments?post=9718"}],"version-history":[{"count":2,"href":"https:\/\/divingseasons.com\/fr\/wp-json\/wp\/v2\/pages\/9718\/revisions"}],"predecessor-version":[{"id":9851,"href":"https:\/\/divingseasons.com\/fr\/wp-json\/wp\/v2\/pages\/9718\/revisions\/9851"}],"wp:attachment":[{"href":"https:\/\/divingseasons.com\/fr\/wp-json\/wp\/v2\/media?parent=9718"}],"curies":[{"name":"wp","href":"https:\/\/api.w.org\/{rel}","templated":true}]}}