{"id":9704,"date":"2025-04-10T15:19:26","date_gmt":"2025-04-10T15:19:26","guid":{"rendered":"https:\/\/divingseasons.com\/?page_id=9704"},"modified":"2025-04-14T11:36:57","modified_gmt":"2025-04-14T11:36:57","slug":"republique-de-plongee","status":"publish","type":"page","link":"https:\/\/divingseasons.com\/fr\/republique-de-plongee\/","title":{"rendered":"R\u00e9publique de plong\u00e9e"},"content":{"rendered":"\t\t<div data-elementor-type=\"wp-page\" data-elementor-id=\"9704\" class=\"elementor elementor-9704 elementor-9529\" data-elementor-post-type=\"page\">\n\t\t\t\t\r\n<div class=\"elementor-element elementor-element-469b1c64 e-flex e-con-boxed e-con e-parent\" data-id=\"469b1c64\" data-element_type=\"container\" data-e-type=\"container\">\n\t\t\t\t\t<div class=\"e-con-inner\">\n\t\t\t\t<div class=\"elementor-element elementor-element-4b5968e0 elementor-widget__width-inherit elementor-widget-mobile__width-inherit elementor-widget elementor-widget-tourmsectiontitle\" data-id=\"4b5968e0\" data-element_type=\"widget\" data-e-type=\"widget\" data-widget_type=\"tourmsectiontitle.default\">\n\t\t\t\t<div class=\"elementor-widget-container\">\n\t\t\t\t\t\t\t<div class=\"title-area text-center \">\r\n\t\t\t<h2 class=\"sec-title \">Scuba republic<\/h2>\t\t<\/div>\r\n\r\n\t\t\t\t\t<\/div>\n\t\t\t\t<\/div>\n\t\t\t\t<div class=\"elementor-element elementor-element-6fd5f93 elementor-widget elementor-widget-tourmsliderimage\" data-id=\"6fd5f93\" data-element_type=\"widget\" data-e-type=\"widget\" data-widget_type=\"tourmsliderimage.default\">\n\t\t\t\t<div class=\"elementor-widget-container\">\n\t\t\t\t\t<div class=\"container-fuild\"><div class=\"row gy-4 gallery-row4\"><div class=\"col-auto\"><div class=\"gallery-box style5\"><div class=\"gallery-img global-img\"><img decoding=\"async\" src=\"https:\/\/divingseasons.com\/wp-content\/uploads\/2025\/04\/scubarepublic.jpeg\" alt=\"scubarepublic\"  \/><a href=\"https:\/\/divingseasons.com\/wp-content\/uploads\/2025\/04\/scubarepublic.jpeg\" class=\"icon-btn popup-image\"><i class=\"fal fa-magnifying-glass-plus\"><\/i><\/a><\/div><\/div><\/div><div class=\"col-auto\"><div class=\"gallery-box style5\"><div class=\"gallery-img global-img\"><img decoding=\"async\" src=\"https:\/\/divingseasons.com\/wp-content\/uploads\/2025\/04\/scubarepublic3.jpg\" alt=\"scubarepublic3\"  \/><a href=\"https:\/\/divingseasons.com\/wp-content\/uploads\/2025\/04\/scubarepublic3.jpg\" class=\"icon-btn popup-image\"><i class=\"fal fa-magnifying-glass-plus\"><\/i><\/a><\/div><\/div><\/div><div class=\"col-auto\"><div class=\"gallery-box style5\"><div class=\"gallery-img global-img\"><img decoding=\"async\" src=\"https:\/\/divingseasons.com\/wp-content\/uploads\/2025\/04\/scuba-republic2.jpg\" alt=\"scuba republic2\"  \/><a href=\"https:\/\/divingseasons.com\/wp-content\/uploads\/2025\/04\/scuba-republic2.jpg\" class=\"icon-btn popup-image\"><i class=\"fal fa-magnifying-glass-plus\"><\/i><\/a><\/div><\/div><\/div><div class=\"col-auto\"><div class=\"gallery-box style5\"><div class=\"gallery-img global-img\"><img decoding=\"async\" src=\"https:\/\/divingseasons.com\/wp-content\/uploads\/2025\/04\/scubarepublic1.jpg\" alt=\"scubarepublic1\"  \/><a href=\"https:\/\/divingseasons.com\/wp-content\/uploads\/2025\/04\/scubarepublic1.jpg\" class=\"icon-btn popup-image\"><i class=\"fal fa-magnifying-glass-plus\"><\/i><\/a><\/div><\/div><\/div><\/div><\/div>\t\t\t\t<\/div>\n\t\t\t\t<\/div>\n\t\t\t\t\t<\/div>\n\t\t\t\t<\/div>\n\t\t<div class=\"elementor-element elementor-element-40cd41a0 e-flex e-con-boxed e-con e-parent\" data-id=\"40cd41a0\" data-element_type=\"container\" data-e-type=\"container\">\n\t\t\t\t\t<div class=\"e-con-inner\">\n\t\t\t\t<div class=\"elementor-element elementor-element-1f05b028 elementor-widget__width-inherit elementor-widget-mobile__width-inherit elementor-widget elementor-widget-tourmsectiontitle\" data-id=\"1f05b028\" data-element_type=\"widget\" data-e-type=\"widget\" data-widget_type=\"tourmsectiontitle.default\">\n\t\t\t\t<div class=\"elementor-widget-container\">\n\t\t\t\t\t\t\t<div class=\"title-area text-left \">\r\n\t\t\t<h3 class=\"sec-title \">Overview<\/h3>\t\t<\/div>\r\n\r\n\t\t\t\t\t<\/div>\n\t\t\t\t<\/div>\n\t\t\t\t<div class=\"elementor-element elementor-element-380a1a9e elementor-widget__width-inherit elementor-widget-mobile__width-inherit elementor-widget elementor-widget-text-editor\" data-id=\"380a1a9e\" data-element_type=\"widget\" data-e-type=\"widget\" data-widget_type=\"text-editor.default\">\n\t\t\t\t<div class=\"elementor-widget-container\">\n\t\t\t\t\t\t\t\t\t<h3 class=\"\" data-start=\"110\" data-end=\"170\">Scuba Republic &#8211; Plongez dans l&#8217;aventure avec les experts SSI<\/h3><p class=\"\" data-start=\"172\" data-end=\"351\"><strong data-start=\"172\" data-end=\"190\">Scuba Republic<\/strong> est un <strong data-start=\"197\" data-end=\"256\">centre de plong\u00e9e certifi\u00e9 SSI (Scuba Schools International)<\/strong> qui op\u00e8re dans deux des destinations de plong\u00e9e les plus embl\u00e9matiques d&#8217;Indon\u00e9sie : <strong data-start=\"320\" data-end=\"334\">Raja Ampat<\/strong> et <strong data-start=\"339\" data-end=\"349\">Komodo<\/strong>.<\/p><p class=\"\" data-start=\"353\" data-end=\"759\">\u00c0 <strong data-start=\"356\" data-end=\"370\">Raja Ampat<\/strong>, notre base principale est situ\u00e9e \u00e0  <strong data-start=\"400\" data-end=\"446\">Jl. Saporkren, Waigeo Selatan, Papua Barat <\/strong>Scuba Republic propose un h\u00e9bergement confortable, un restaurant et un acc\u00e8s facile \u00e0 des sites de plong\u00e9e de renomm\u00e9e mondiale. Que vous plongiez dans les magnifiques jardins de coraux ou que vous exploriez la vie marine dynamique de ce site class\u00e9 au patrimoine mondial de l&#8217;UNESCO, Scuba Republic vous garantit une exp\u00e9rience de plong\u00e9e de qualit\u00e9 sup\u00e9rieure, en toute s\u00e9curit\u00e9 et avec professionnalisme. <\/p><p class=\"\" data-start=\"761\" data-end=\"1082\">\u00c0 <strong data-start=\"764\" data-end=\"774\">Komodo<\/strong>, nous proposons des safaris de plong\u00e9e et des exp\u00e9riences de <strong data-start=\"804\" data-end=\"818\">croisi\u00e8re<\/strong>, permettant aux plongeurs d&#8217;explorer l&#8217;incroyable biodiversit\u00e9 du <strong data-start=\"890\" data-end=\"914\">parc national de Komodo<\/strong>. Des rencontres palpitantes avec les <strong data-start=\"947\" data-end=\"961\">raies manta<\/strong> \u00e0 l&#8217;exploration de r\u00e9cifs coralliens immacul\u00e9s, Scuba Republic s&#8217;assure que vos aventures de plong\u00e9e sont \u00e0 la fois passionnantes et inoubliables. <\/p><p class=\"\" data-start=\"947\" data-end=\"1314\">.<\/p>\t\t\t\t\t\t\t\t<\/div>\n\t\t\t\t<\/div>\n\t\t<div class=\"elementor-element elementor-element-5afdc02a e-con-full e-flex e-con e-child\" data-id=\"5afdc02a\" data-element_type=\"container\" data-e-type=\"container\">\n\t\t<div class=\"elementor-element elementor-element-59c40efc e-con-full e-flex e-con e-child\" data-id=\"59c40efc\" data-element_type=\"container\" data-e-type=\"container\">\n\t\t<div class=\"elementor-element elementor-element-1bbbeb89 e-con-full e-flex e-con e-child\" data-id=\"1bbbeb89\" data-element_type=\"container\" data-e-type=\"container\">\n\t\t\t\t<div class=\"elementor-element elementor-element-15922e3b elementor-view-stacked elementor-position-inline-start elementor-shape-circle elementor-mobile-position-block-start elementor-widget elementor-widget-icon-box\" data-id=\"15922e3b\" data-element_type=\"widget\" data-e-type=\"widget\" data-widget_type=\"icon-box.default\">\n\t\t\t\t<div class=\"elementor-widget-container\">\n\t\t\t\t\t\t\t<div class=\"elementor-icon-box-wrapper\">\n\n\t\t\t\t\t\t<div class=\"elementor-icon-box-icon\">\n\t\t\t\t<span  class=\"elementor-icon\">\n\t\t\t\t<i aria-hidden=\"true\" class=\"far fa-file\"><\/i>\t\t\t\t<\/span>\n\t\t\t<\/div>\n\t\t\t\n\t\t\t\t\t\t<div class=\"elementor-icon-box-content\">\n\n\t\t\t\t\t\t\t\t\t<h3 class=\"elementor-icon-box-title\">\n\t\t\t\t\t\t<span  >\n\t\t\t\t\t\t\tActivit\u00e9s propos\u00e9es\t\t\t\t\t\t<\/span>\n\t\t\t\t\t<\/h3>\n\t\t\t\t\n\t\t\t\t\t\t\t\t\t<p class=\"elementor-icon-box-description\">\n\t\t\t\t\t\tCours de plong\u00e9e SSI, plong\u00e9es ludiques, croisi\u00e8res.\t\t\t\t\t<\/p>\n\t\t\t\t\n\t\t\t<\/div>\n\t\t\t\n\t\t<\/div>\n\t\t\t\t\t\t<\/div>\n\t\t\t\t<\/div>\n\t\t\t\t<\/div>\n\t\t<div class=\"elementor-element elementor-element-79a2b09a e-con-full e-flex e-con e-child\" data-id=\"79a2b09a\" data-element_type=\"container\" data-e-type=\"container\">\n\t\t\t\t<div class=\"elementor-element elementor-element-238ec2c5 elementor-view-stacked elementor-position-inline-start elementor-shape-circle elementor-mobile-position-block-start elementor-widget elementor-widget-icon-box\" data-id=\"238ec2c5\" data-element_type=\"widget\" data-e-type=\"widget\" data-widget_type=\"icon-box.default\">\n\t\t\t\t<div class=\"elementor-widget-container\">\n\t\t\t\t\t\t\t<div class=\"elementor-icon-box-wrapper\">\n\n\t\t\t\t\t\t<div class=\"elementor-icon-box-icon\">\n\t\t\t\t<span  class=\"elementor-icon\">\n\t\t\t\t<i aria-hidden=\"true\" class=\"fas fa-star\"><\/i>\t\t\t\t<\/span>\n\t\t\t<\/div>\n\t\t\t\n\t\t\t\t\t\t<div class=\"elementor-icon-box-content\">\n\n\t\t\t\t\t\t\t\t\t<h3 class=\"elementor-icon-box-title\">\n\t\t\t\t\t\t<span  >\n\t\t\t\t\t\t\tLangues\t\t\t\t\t\t<\/span>\n\t\t\t\t\t<\/h3>\n\t\t\t\t\n\t\t\t\t\t\t\t\t\t<p class=\"elementor-icon-box-description\">\n\t\t\t\t\t\tAnglais, indon\u00e9sien\t\t\t\t\t<\/p>\n\t\t\t\t\n\t\t\t<\/div>\n\t\t\t\n\t\t<\/div>\n\t\t\t\t\t\t<\/div>\n\t\t\t\t<\/div>\n\t\t\t\t<\/div>\n\t\t<div class=\"elementor-element elementor-element-278f7374 e-con-full e-flex e-con e-child\" data-id=\"278f7374\" data-element_type=\"container\" data-e-type=\"container\">\n\t\t\t\t<div class=\"elementor-element elementor-element-40c54f51 elementor-view-stacked elementor-position-inline-start elementor-shape-circle elementor-mobile-position-block-start elementor-widget elementor-widget-icon-box\" data-id=\"40c54f51\" data-element_type=\"widget\" data-e-type=\"widget\" data-widget_type=\"icon-box.default\">\n\t\t\t\t<div class=\"elementor-widget-container\">\n\t\t\t\t\t\t\t<div class=\"elementor-icon-box-wrapper\">\n\n\t\t\t\t\t\t<div class=\"elementor-icon-box-icon\">\n\t\t\t\t<span  class=\"elementor-icon\">\n\t\t\t\t<i aria-hidden=\"true\" class=\"far fa-clock\"><\/i>\t\t\t\t<\/span>\n\t\t\t<\/div>\n\t\t\t\n\t\t\t\t\t\t<div class=\"elementor-icon-box-content\">\n\n\t\t\t\t\t\t\t\t\t<h3 class=\"elementor-icon-box-title\">\n\t\t\t\t\t\t<span  >\n\t\t\t\t\t\t\tHeures\t\t\t\t\t\t<\/span>\n\t\t\t\t\t<\/h3>\n\t\t\t\t\n\t\t\t\t\t\t\t\t\t<p class=\"elementor-icon-box-description\">\n\t\t\t\t\t\t<div class=\"working-hours\">\n   <div class=\"week-day\">\n      <div class=\"days\">\n         <span>Lundi :<\/span>\n      <\/div>\n      <div class=\"hours\">\n         <span class=\"open-times\">\n         <span>07:00 AM<\/span>\n         <span class=\"delimeter\">-<\/span>\n         <span>08:00 PM<\/span>\n         <\/span>\n      <\/div>\n   <\/div>\n   <div class=\"week-day\">\n      <div class=\"days\">\n         <span>Mar :<\/span>\n      <\/div>\n      <div class=\"hours\">\n         <span class=\"open-times\">\n         <span>07:00 AM<\/span>\n         <span class=\"delimeter\">-<\/span>\n         <span>08:00 PM<\/span>\n         <\/span>\n      <\/div>\n   <\/div>\n   <div class=\"week-day\">\n      <div class=\"days\">\n         <span>Mercredi :<\/span>\n      <\/div>\n      <div class=\"hours\">\n         <span class=\"open-times\">\n         <span>07:00 AM<\/span>\n         <span class=\"delimeter\">-<\/span>\n         <span>08:00 PM<\/span>\n         <\/span>\n      <\/div>\n   <\/div>\n   <div class=\"week-day\">\n      <div class=\"days\">\n         <span>Jeu :<\/span>\n      <\/div>\n      <div class=\"hours\">\n         <span class=\"open-times\">\n         <span>07:00 AM<\/span>\n         <span class=\"delimeter\">-<\/span>\n         <span>08:00 PM<\/span>\n         <\/span>\n      <\/div>\n   <\/div>\n   <div class=\"week-day\">\n      <div class=\"days\">\n         <span>Fri :<\/span>\n      <\/div>\n      <div class=\"hours\">\n         <span class=\"open-times\">\n         <span>07:00 AM<\/span>\n         <span class=\"delimeter\">-<\/span>\n         <span>08:00 PM<\/span>\n         <\/span>\n      <\/div>\n   <\/div>\n   <div class=\"week-day\">\n      <div class=\"days\">\n         <span>Samedi :<\/span>\n      <\/div>\n      <div class=\"hours\">\n         <span class=\"open-times\">\n         <span>07:00 AM<\/span>\n         <span class=\"delimeter\">-<\/span>\n         <span>08:00 PM<\/span>\n         <\/span>\n      <\/div>\n   <\/div>\n   <div class=\"week-day\">\n      <div class=\"days\">\n         <span>Soleil :<\/span>\n      <\/div>\n      <div class=\"hours\">\n         <span class=\"open-times\">\n         <span>07:00 AM<\/span>\n         <span class=\"delimeter\">-<\/span>\n         <span>08:00 PM<\/span>\n         <\/span>\n      <\/div>\n   <\/div>\n<\/div>\t\t\t\t\t<\/p>\n\t\t\t\t\n\t\t\t<\/div>\n\t\t\t\n\t\t<\/div>\n\t\t\t\t\t\t<\/div>\n\t\t\t\t<\/div>\n\t\t\t\t<\/div>\n\t\t\t\t<\/div>\n\t\t<div class=\"elementor-element elementor-element-3fcd1731 e-con-full e-flex e-con e-child\" data-id=\"3fcd1731\" data-element_type=\"container\" data-e-type=\"container\">\n\t\t<div class=\"elementor-element elementor-element-3f2ce130 e-con-full e-flex e-con e-child\" data-id=\"3f2ce130\" data-element_type=\"container\" data-e-type=\"container\">\n\t\t\t\t<div class=\"elementor-element elementor-element-72bdd21d elementor-view-stacked elementor-position-inline-start elementor-shape-circle elementor-mobile-position-block-start elementor-widget elementor-widget-icon-box\" data-id=\"72bdd21d\" data-element_type=\"widget\" data-e-type=\"widget\" data-widget_type=\"icon-box.default\">\n\t\t\t\t<div class=\"elementor-widget-container\">\n\t\t\t\t\t\t\t<div class=\"elementor-icon-box-wrapper\">\n\n\t\t\t\t\t\t<div class=\"elementor-icon-box-icon\">\n\t\t\t\t<a href=\"tel:+62%20361%204738020\" class=\"elementor-icon\" tabindex=\"-1\" aria-label=\"Adresse 1\">\n\t\t\t\t<i aria-hidden=\"true\" class=\"fas fa-map-marker-alt\"><\/i>\t\t\t\t<\/a>\n\t\t\t<\/div>\n\t\t\t\n\t\t\t\t\t\t<div class=\"elementor-icon-box-content\">\n\n\t\t\t\t\t\t\t\t\t<h3 class=\"elementor-icon-box-title\">\n\t\t\t\t\t\t<a href=\"tel:+62%20361%204738020\" >\n\t\t\t\t\t\t\tAdresse 1\t\t\t\t\t\t<\/a>\n\t\t\t\t\t<\/h3>\n\t\t\t\t\n\t\t\t\t\t\t\t\t\t<p class=\"elementor-icon-box-description\">\n\t\t\t\t\t\tSoekarno Hatta, Labuan Bajo. Indon\u00e9sie\t\t\t\t\t<\/p>\n\t\t\t\t\n\t\t\t<\/div>\n\t\t\t\n\t\t<\/div>\n\t\t\t\t\t\t<\/div>\n\t\t\t\t<\/div>\n\t\t\t\t<\/div>\n\t\t\t\t<div class=\"elementor-element elementor-element-a638482 elementor-view-stacked elementor-position-inline-start elementor-shape-circle elementor-mobile-position-block-start elementor-widget elementor-widget-icon-box\" data-id=\"a638482\" data-element_type=\"widget\" data-e-type=\"widget\" data-widget_type=\"icon-box.default\">\n\t\t\t\t<div class=\"elementor-widget-container\">\n\t\t\t\t\t\t\t<div class=\"elementor-icon-box-wrapper\">\n\n\t\t\t\t\t\t<div class=\"elementor-icon-box-icon\">\n\t\t\t\t<a href=\"tel:+62%20361%204738020\" class=\"elementor-icon\" tabindex=\"-1\" aria-label=\"Adresse 2\">\n\t\t\t\t<i aria-hidden=\"true\" class=\"fas fa-map-marker-alt\"><\/i>\t\t\t\t<\/a>\n\t\t\t<\/div>\n\t\t\t\n\t\t\t\t\t\t<div class=\"elementor-icon-box-content\">\n\n\t\t\t\t\t\t\t\t\t<h3 class=\"elementor-icon-box-title\">\n\t\t\t\t\t\t<a href=\"tel:+62%20361%204738020\" >\n\t\t\t\t\t\t\tAdresse 2\t\t\t\t\t\t<\/a>\n\t\t\t\t\t<\/h3>\n\t\t\t\t\n\t\t\t\t\t\t\t\t\t<p class=\"elementor-icon-box-description\">\n\t\t\t\t\t\t  Jl. Saporkren, Waigeo Selatan, Papua Barat, Indon\u00e9sie.   \t\t\t\t\t<\/p>\n\t\t\t\t\n\t\t\t<\/div>\n\t\t\t\n\t\t<\/div>\n\t\t\t\t\t\t<\/div>\n\t\t\t\t<\/div>\n\t\t\t\t<\/div>\n\t\t\t\t<\/div>\n\t\t\t\t\t<\/div>\n\t\t\t\t<\/div>\n\t\t<div class=\"elementor-element elementor-element-3b851fbe e-flex e-con-boxed e-con e-parent\" data-id=\"3b851fbe\" data-element_type=\"container\" data-e-type=\"container\">\n\t\t\t\t\t<div class=\"e-con-inner\">\n\t\t\t\t<div class=\"elementor-element elementor-element-401d3750 elementor-widget__width-inherit elementor-widget-mobile__width-inherit elementor-widget elementor-widget-tourmsectiontitle\" data-id=\"401d3750\" data-element_type=\"widget\" data-e-type=\"widget\" data-widget_type=\"tourmsectiontitle.default\">\n\t\t\t\t<div class=\"elementor-widget-container\">\n\t\t\t\t\t\t\t<div class=\"title-area text-left \">\r\n\t\t\t<h3 class=\"sec-title \">Our Courses<\/h3>\t\t<\/div>\r\n\r\n\t\t\t\t\t<\/div>\n\t\t\t\t<\/div>\n\t\t\t\t<div class=\"elementor-element elementor-element-4cbc297 elementor-widget elementor-widget-shortcode\" data-id=\"4cbc297\" data-element_type=\"widget\" data-e-type=\"widget\" data-widget_type=\"shortcode.default\">\n\t\t\t\t<div class=\"elementor-widget-container\">\n\t\t\t\t\t\t\t<div class=\"elementor-shortcode\">\n\n<style id=\"filter-inline-css-1\">#ymc-smart-filter-container-1 .filter-layout2 .filter-entry .filter-link, #ymc-extra-filter-1 .filter-layout2 .filter-entry .filter-link { font-family:Roboto;}<\/style><style id=\"post-inline-css-1\">#ymc-smart-filter-container-1 .container-posts .post-entry.post-layout1 {font-family:Roboto}<\/style><div id=\"ymc-smart-filter-container-1\" \r\n\t\t\t\t  class=\"ymc-smart-filter-container ymc-filter-5956 ymc-loaded-filter ymc-filter-layout2 ymc-post-layout1 ymc-pagination-numeric data-target-ymc5956-1 data-target-ymc1 \" data-loading=\"true\"\r\n\t\t\t\t  data-params='{\"cpt\":\"trip\",\"tax\":\"trip_types,difficulty\",\"terms\":\"62,63,64,78,79,65,66,68,69,70,71,72,77,73,74,75,76,80\",\"default_terms\":\"\",\"exclude_posts\":\"off\",\"choices_posts\":\"\",\"posts_selected\":\"all\",\"preloader_icon\":\"preloader_1\",\"type_pg\":\"numeric\",\"per_page\":\"4\",\"page\":\"1\",\"page_scroll\":\"1\",\"preloader_filters\":\"none\",\"preloader_filters_rate\":\"0.5\",\"preloader_filters_custom\":\"\",\"post_animation\":\"\",\"popup_animation\":\"normal\",\"letter\":\"\",\"post_layout\":\"post-layout1\",\"filter_layout\":\"filter-layout2\",\"filter_id\":\"5956\",\"search\":\"\",\"search_filtered_posts\":\"0\",\"carousel_params\":&quot;&quot;,\"filter_date\":\"\",\"sort_order\":\"\",\"sort_orderby\":\"\",\"meta_key\":\"\",\"meta_query\":\"\",\"date_query\":\"\",\"data_target\":\"data-target-ymc1\",\"target_id\":\"1\",\"page_id\":\"0\"}'>\r\n\r\n<div id=\"filter-layout2-1\" class=\"filter-layout filter-layout2 filter-layout2-5956 filter-layout2-5956-1\">\r\n\r\n\t\r\n\r\n\t<ul class=\"filter-entry\">\r\n\r\n\t\t<li class=\"filter-item\"><a class=\"filter-link all active\" aria-label=\"All\" role=\"button\" data-selected=\"all\" data-termid=\"62,63,64,78,79,65,66,68,69,70,71,72,77,73,74,75,76,80\">All<\/a><\/li><li class=\"group-filters tax-trip_types\" style=\"\">\r\n                          <header class=\"name-tax\">Diving<\/header>\r\n                          <ul class=\"sub-filters\"><li class='filter-item'>\r\n                                   <a class='filter-link  right-icon   ' style='' aria-label='Scuba Diving' role='button' data-selected='cat-scuba-diving' data-termid='62'><i class=\"fas fa-chevron-down\" style=\"color: #3c434a\"><\/i><span class=\"link-inner\">Scuba Diving<\/span><\/a><\/li><li class='filter-item'>\r\n                                   <a class='filter-link  right-icon   ' style='' aria-label='Fun Diving' role='button' data-selected='cat-fun-diving' data-termid='63'><i class=\"fas fa-chevron-down\" style=\"color: #3c434a\"><\/i><span class=\"link-inner\">Fun Diving<\/span><\/a><\/li><li class='filter-item'>\r\n                                   <a class='filter-link  right-icon   ' style='' aria-label='Free Diving' role='button' data-selected='cat-free-diving' data-termid='64'><i class=\"fas fa-chevron-down\" style=\"color: #3c434a\"><\/i><span class=\"link-inner\">Free Diving<\/span><\/a><\/li><li class='filter-item'>\r\n                                   <a class='filter-link  left-icon isDisabled  ' style='' aria-label='Unlimited Diving Package' role='button' data-selected='unlimited-diving-package' data-termid='78'><span class=\"link-inner\">Unlimited Diving Package<\/span><\/a><\/li><\/ul><\/li><li class=\"group-filters tax-difficulty\" style=\"\">\r\n                          <header class=\"name-tax\">Courses and Diving <\/header>\r\n                          <ul class=\"sub-filters\"><li class='filter-item'>\r\n                                   <a class='filter-link  left-icon   ' style='' aria-label='Discovery Scuba Diving (DSD)' role='button' data-selected='discovery-scuba-diving-dsd' data-termid='79'><span class=\"link-inner\">Discovery Scuba Diving (DSD)<\/span><\/a><\/li><li class='filter-item'>\r\n                                   <a class='filter-link  left-icon   ' style='' aria-label='Open water' role='button' data-selected='open-water' data-termid='65'><span class=\"link-inner\">Open water<\/span><\/a><\/li><li class='filter-item'>\r\n                                   <a class='filter-link  left-icon   ' style='' aria-label='Advance' role='button' data-selected='advance' data-termid='66'><span class=\"link-inner\">Advance<\/span><\/a><\/li><li class='filter-item'>\r\n                                   <a class='filter-link  left-icon   ' style='' aria-label='Rescue diver' role='button' data-selected='rescue-diver' data-termid='68'><span class=\"link-inner\">Rescue diver<\/span><\/a><\/li><li class='filter-item'>\r\n                                   <a class='filter-link  left-icon   ' style='' aria-label='Nitrox' role='button' data-selected='nitrox' data-termid='69'><span class=\"link-inner\">Nitrox<\/span><\/a><\/li><li class='filter-item'>\r\n                                   <a class='filter-link  left-icon   ' style='' aria-label='level 1' role='button' data-selected='level-1' data-termid='70'><span class=\"link-inner\">level 1<\/span><\/a><\/li><li class='filter-item'>\r\n                                   <a class='filter-link  left-icon   ' style='' aria-label='level 2' role='button' data-selected='level-2' data-termid='71'><span class=\"link-inner\">level 2<\/span><\/a><\/li><li class='filter-item'>\r\n                                   <a class='filter-link  left-icon   ' style='' aria-label='level 3' role='button' data-selected='level-3' data-termid='72'><span class=\"link-inner\">level 3<\/span><\/a><\/li><li class='filter-item'>\r\n                                   <a class='filter-link  left-icon   ' style='' aria-label='expert' role='button' data-selected='expert' data-termid='77'><span class=\"link-inner\">expert<\/span><\/a><\/li><li class='filter-item'>\r\n                                   <a class='filter-link  left-icon   ' style='' aria-label='2 dives' role='button' data-selected='2-dives' data-termid='73'><span class=\"link-inner\">2 dives<\/span><\/a><\/li><li class='filter-item'>\r\n                                   <a class='filter-link  left-icon   ' style='' aria-label='3 dives' role='button' data-selected='3-dives' data-termid='74'><span class=\"link-inner\">3 dives<\/span><\/a><\/li><li class='filter-item'>\r\n                                   <a class='filter-link  left-icon   ' style='' aria-label='5 dives' role='button' data-selected='5-dives' data-termid='75'><span class=\"link-inner\">5 dives<\/span><\/a><\/li><li class='filter-item'>\r\n                                   <a class='filter-link  left-icon   ' style='' aria-label='10 dives' role='button' data-selected='10-dives' data-termid='76'><span class=\"link-inner\">10 dives<\/span><\/a><\/li><li class='filter-item'>\r\n                                   <a class='filter-link  left-icon isDisabled  ' style='' aria-label='Deep Explorer Unlimited' role='button' data-selected='deep-explorer-unlimited' data-termid='80'><span class=\"link-inner\">Deep Explorer Unlimited<\/span><\/a><\/li><\/ul><\/li>\r\n\t<\/ul>\r\n\r\n    <div class=\"posts-found\"><\/div>\r\n\r\n\t\r\n<\/div>\r\n\r\n\r\n<div class=\"container-posts container-post-layout1\"><div class=\"post-entry ymc-xs-col-1 ymc-sm-col-2 ymc-md-col-3 ymc-lg-col-4 ymc-xl-col-4 ymc-xxl-col-4 post-layout1 post-layout1-5956 post-layout1-5956-1\"><\/div><\/div><\/div><\/div>\n\t\t\t\t\t\t<\/div>\n\t\t\t\t<\/div>\n\t\t\t\t\t<\/div>\n\t\t\t\t<\/div>\n\t\t\t\t<\/div>\n\t\t","protected":false},"excerpt":{"rendered":"<p>Scuba republic Overview Scuba Republic &#8211; Plongez dans l&#8217;aventure avec les experts SSI Scuba Republic est un centre de plong\u00e9e certifi\u00e9 SSI (Scuba Schools International) qui op\u00e8re dans deux des destinations de plong\u00e9e les plus embl\u00e9matiques d&#8217;Indon\u00e9sie : Raja Ampat et Komodo. \u00c0 Raja Ampat, notre base principale est situ\u00e9e \u00e0 Jl. Saporkren, Waigeo Selatan,&#8230;<\/p>\n","protected":false},"author":1,"featured_media":0,"parent":0,"menu_order":0,"comment_status":"closed","ping_status":"closed","template":"elementor_header_footer","meta":{"_acf_changed":false,"_joinchat":[],"footnotes":""},"class_list":["post-9704","page","type-page","status-publish","hentry"],"acf":[],"_links":{"self":[{"href":"https:\/\/divingseasons.com\/fr\/wp-json\/wp\/v2\/pages\/9704","targetHints":{"allow":["GET"]}}],"collection":[{"href":"https:\/\/divingseasons.com\/fr\/wp-json\/wp\/v2\/pages"}],"about":[{"href":"https:\/\/divingseasons.com\/fr\/wp-json\/wp\/v2\/types\/page"}],"author":[{"embeddable":true,"href":"https:\/\/divingseasons.com\/fr\/wp-json\/wp\/v2\/users\/1"}],"replies":[{"embeddable":true,"href":"https:\/\/divingseasons.com\/fr\/wp-json\/wp\/v2\/comments?post=9704"}],"version-history":[{"count":2,"href":"https:\/\/divingseasons.com\/fr\/wp-json\/wp\/v2\/pages\/9704\/revisions"}],"predecessor-version":[{"id":9836,"href":"https:\/\/divingseasons.com\/fr\/wp-json\/wp\/v2\/pages\/9704\/revisions\/9836"}],"wp:attachment":[{"href":"https:\/\/divingseasons.com\/fr\/wp-json\/wp\/v2\/media?parent=9704"}],"curies":[{"name":"wp","href":"https:\/\/api.w.org\/{rel}","templated":true}]}}