{"id":8224,"date":"2024-07-08T13:35:10","date_gmt":"2024-07-08T13:35:10","guid":{"rendered":"https:\/\/divingseasons.com\/contactez-nous\/"},"modified":"2025-04-02T13:16:33","modified_gmt":"2025-04-02T13:16:33","slug":"contactez-nous","status":"publish","type":"page","link":"https:\/\/divingseasons.com\/fr\/contactez-nous\/","title":{"rendered":"Contactez nous"},"content":{"rendered":"\t\t<div data-elementor-type=\"wp-page\" data-elementor-id=\"8224\" class=\"elementor elementor-8224 elementor-1496\" data-elementor-post-type=\"page\">\n\t\t\t\t\r\n<div class=\"elementor-element elementor-element-95bfc19 e-con-full e-flex e-con e-parent\" data-id=\"95bfc19\" data-element_type=\"container\" data-e-type=\"container\">\n\t\t<div class=\"elementor-element elementor-element-2651b85 e-flex e-con-boxed e-con e-child\" data-id=\"2651b85\" data-element_type=\"container\" data-e-type=\"container\">\n\t\t\t\t\t<div class=\"e-con-inner\">\n\t\t\t\t<div class=\"elementor-element elementor-element-b1b288e elementor-widget elementor-widget-tourmsectiontitle\" data-id=\"b1b288e\" data-element_type=\"widget\" data-e-type=\"widget\" data-widget_type=\"tourmsectiontitle.default\">\n\t\t\t\t<div class=\"elementor-widget-container\">\n\t\t\t\t\t\t\t<div class=\"title-area text-center \">\r\n\t\t\t<span class=\"sub-title \">Entrer en contact<\/span><h2 class=\"sec-title \">Nos coordonn\u00e9es<\/h2>\t\t<\/div>\r\n\r\n\t\t\t\t\t<\/div>\n\t\t\t\t<\/div>\n\t\t\t\t<div class=\"elementor-element elementor-element-2b0a133 elementor-widget elementor-widget-tourmcontactinfo\" data-id=\"2b0a133\" data-element_type=\"widget\" data-e-type=\"widget\" data-widget_type=\"tourmcontactinfo.default\">\n\t\t\t\t<div class=\"elementor-widget-container\">\n\t\t\t\t\t<div class=\"row gy-4 justify-content-center\"><div class=\"col-xl-4 col-lg-6\"><div class=\"about-contact-grid style2\"><div class=\"about-contact-icon\"><img decoding=\"async\" src=\"https:\/\/wordpress.themeholy.com\/tourm\/wp-content\/uploads\/2024\/07\/location-dot2.svg\" alt=\"location dot2\"  \/><\/div><div class=\"about-contact-details\"><h6 class=\"box-title title\">Notre adresse<\/h6><p class=\"about-contact-details-text\">7778, 1021 E Lincolnway, Cheyenne, WY, Laramie, US, 82001<\/p><\/div><\/div><\/div><div class=\"col-xl-4 col-lg-6\"><div class=\"about-contact-grid style2\"><div class=\"about-contact-icon\"><img decoding=\"async\" src=\"https:\/\/wordpress.themeholy.com\/tourm\/wp-content\/uploads\/2024\/07\/call-1.svg\" alt=\"call 1\"  \/><\/div><div class=\"about-contact-details\"><h6 class=\"box-title title\">Num\u00e9ro de t\u00e9l\u00e9phone<\/h6><p class=\"about-contact-details-text\"><a href=\"tel:01234567890\">+01 234 567 890<\/a><\/p><p class=\"about-contact-details-text\"><a href=\"tel:01234567890\">+09 876 543 210<\/a><\/p><\/div><\/div><\/div><div class=\"col-xl-4 col-lg-6\"><div class=\"about-contact-grid style2\"><div class=\"about-contact-icon\"><img decoding=\"async\" src=\"https:\/\/wordpress.themeholy.com\/tourm\/wp-content\/uploads\/2024\/07\/mail-1.svg\" alt=\"mail 1\"  \/><\/div><div class=\"about-contact-details\"><h6 class=\"box-title title\">E-mail<\/h6><p class=\"about-contact-details-text\"><a href=\"mailto:admin@divingseasons.com\">admin@divingseasons.com<\/a><\/p><p class=\"about-contact-details-text\"><a href=\"mailto:support24@tourm.com\">support24@tourm.com<\/a><\/p><\/div><\/div><\/div><\/div>\t\t\t\t<\/div>\n\t\t\t\t<\/div>\n\t\t\t\t\t<\/div>\n\t\t\t\t<\/div>\n\t\t\t\t<\/div>\n\t\t<div class=\"elementor-element elementor-element-6c7fedf e-con-full e-flex e-con e-parent\" data-id=\"6c7fedf\" data-element_type=\"container\" data-e-type=\"container\" data-settings=\"{&quot;background_background&quot;:&quot;classic&quot;}\">\n\t\t<div class=\"elementor-element elementor-element-6259e4e e-flex e-con-boxed e-con e-child\" data-id=\"6259e4e\" data-element_type=\"container\" data-e-type=\"container\">\n\t\t\t\t\t<div class=\"e-con-inner\">\n\t\t<div class=\"elementor-element elementor-element-43f3ff6 e-con-full e-flex e-con e-child\" data-id=\"43f3ff6\" data-element_type=\"container\" data-e-type=\"container\">\n\t\t\t\t<div class=\"elementor-element elementor-element-f463efd elementor-widget elementor-widget-tourmcontactform\" data-id=\"f463efd\" data-element_type=\"widget\" data-e-type=\"widget\" data-widget_type=\"tourmcontactform.default\">\n\t\t\t\t<div class=\"elementor-widget-container\">\n\t\t\t\t\t\n<div class=\"wpcf7 no-js\" id=\"wpcf7-f8906-o1\" lang=\"en-US\" dir=\"ltr\" data-wpcf7-id=\"8906\">\n<div class=\"screen-reader-response\"><p role=\"status\" aria-live=\"polite\" aria-atomic=\"true\"><\/p> <ul><\/ul><\/div>\n<form action=\"\/fr\/wp-json\/wp\/v2\/pages\/8224#wpcf7-f8906-o1\" method=\"post\" class=\"wpcf7-form init\" aria-label=\"Contact form\" novalidate=\"novalidate\" data-status=\"init\">\n<fieldset class=\"hidden-fields-container\"><input type=\"hidden\" name=\"_wpcf7\" value=\"8906\" \/><input type=\"hidden\" name=\"_wpcf7_version\" value=\"6.1.5\" \/><input type=\"hidden\" name=\"_wpcf7_locale\" value=\"en_US\" \/><input type=\"hidden\" name=\"_wpcf7_unit_tag\" value=\"wpcf7-f8906-o1\" \/><input type=\"hidden\" name=\"_wpcf7_container_post\" value=\"0\" \/><input type=\"hidden\" name=\"_wpcf7_posted_data_hash\" value=\"\" \/>\n<\/fieldset>\n<div class=\"contact-form \">\n    <h3 class=\"sec-title mb-30\">Reservar un tour<\/h3>\n    <div class=\"row\">\n        <div class=\"col-md-6 form-group\">\n            <span class=\"wpcf7-form-control-wrap\" data-name=\"text-999\"><input size=\"40\" maxlength=\"400\" class=\"wpcf7-form-control wpcf7-text wpcf7-validates-as-required form-control\" id=\"text-999\" aria-required=\"true\" aria-invalid=\"false\" placeholder=\"Nombre de pila\" value=\"\" type=\"text\" name=\"text-999\" \/><\/span>\n            <img decoding=\"async\" src=\"https:\/\/wordpress.themeholy.com\/tourm\/wp-content\/uploads\/2024\/07\/user.svg\" alt=\"\">\n        <\/div>\n        <div class=\"col-md-6 form-group\">\n            <span class=\"wpcf7-form-control-wrap\" data-name=\"email-717\"><input size=\"40\" maxlength=\"400\" class=\"wpcf7-form-control wpcf7-email wpcf7-validates-as-required wpcf7-text wpcf7-validates-as-email form-control\" id=\"email-717\" aria-required=\"true\" aria-invalid=\"false\" placeholder=\"Su correo electr\u00f3nico*\" value=\"\" type=\"email\" name=\"email-717\" \/><\/span>\n            <img decoding=\"async\" src=\"https:\/\/wordpress.themeholy.com\/tourm\/wp-content\/uploads\/2024\/07\/mail.svg\" alt=\"\">\n        <\/div>\n        <div class=\"form-group col-12\">\n            <span class=\"wpcf7-form-control-wrap\" data-name=\"menu-837\"><select class=\"wpcf7-form-control wpcf7-select wpcf7-validates-as-required form-select\" id=\"menu-837\" aria-required=\"true\" aria-invalid=\"false\" name=\"menu-837\"><option value=\"Africa Adventure\">Africa Adventure<\/option><option value=\"Africa Wild\">Africa Wild<\/option><option value=\"Asia\">Asia<\/option><option value=\"Scandinavia\">Scandinavia<\/option><option value=\"Western Europe\">Western Europe<\/option><\/select><\/span>\n        <\/div>\n        <div class=\"form-group col-12\">\n            <span class=\"wpcf7-form-control-wrap\" data-name=\"textarea-873\"><textarea cols=\"40\" rows=\"10\" maxlength=\"2000\" class=\"wpcf7-form-control wpcf7-textarea form-control\" id=\"textarea-873\" aria-invalid=\"false\" placeholder=\"Escribe tu mensaje\" name=\"textarea-873\"><\/textarea><\/span>\n            <img decoding=\"async\" src=\"https:\/\/wordpress.themeholy.com\/tourm\/wp-content\/uploads\/2024\/07\/chat.svg\" alt=\"\">\n        <\/div>\n        <div class=\"form-btn col-12 mt-24\"><button type=\"submit\" class=\"th-btn style3 wpcf7\">Enviar mensaje <img decoding=\"async\" src=\"https:\/\/wordpress.themeholy.com\/tourm\/wp-content\/uploads\/2024\/07\/plane.svg\" alt=\"\"><\/button>\n        <\/div>\n    <\/div>\n    <p class=\"form-messages mb-0 mt-3\"><\/p>\n<\/div><input type='hidden' class='wpcf7-pum' value='{\"closepopup\":false,\"closedelay\":0,\"openpopup\":false,\"openpopup_id\":0}' \/><div class=\"wpcf7-response-output\" aria-hidden=\"true\"><\/div>\n<\/form>\n<\/div>\n\t\t\t\t<\/div>\n\t\t\t\t<\/div>\n\t\t\t\t<\/div>\n\t\t<div class=\"elementor-element elementor-element-8ba3864 e-con-full e-flex e-con e-child\" data-id=\"8ba3864\" data-element_type=\"container\" data-e-type=\"container\">\n\t\t\t\t<div class=\"elementor-element elementor-element-1921d14 elementor-widget elementor-widget-tourmvideo\" data-id=\"1921d14\" data-element_type=\"widget\" data-e-type=\"widget\" data-widget_type=\"tourmvideo.default\">\n\t\t\t\t<div class=\"elementor-widget-container\">\n\t\t\t\t\t<div class=\"video-box1\"><a href=\"https:\/\/www.youtube.com\/watch?v=cQfIUPw72Dk\" class=\"play-btn style2 popup-video\"><i class=\"fa-sharp fa-solid fa-play\"><\/i><\/a><\/div>\t\t\t\t<\/div>\n\t\t\t\t<\/div>\n\t\t\t\t<\/div>\n\t\t\t\t\t<\/div>\n\t\t\t\t<\/div>\n\t\t\t\t<\/div>\n\t\t<div class=\"elementor-element elementor-element-c695ba4 e-con-full e-flex e-con e-parent\" data-id=\"c695ba4\" data-element_type=\"container\" data-e-type=\"container\">\n\t\t\t\t<div class=\"elementor-element elementor-element-7962a2d elementor-widget elementor-widget-google_maps\" data-id=\"7962a2d\" data-element_type=\"widget\" data-e-type=\"widget\" data-widget_type=\"google_maps.default\">\n\t\t\t\t<div class=\"elementor-widget-container\">\n\t\t\t\t\t\t\t<div class=\"elementor-custom-embed\">\n\t\t\t<iframe loading=\"lazy\"\n\t\t\t\t\tsrc=\"https:\/\/maps.google.com\/maps?q=7778%2C%201021%20E%20Lincolnway%2C%20Cheyenne%2C%20WY%2C%20Laramie%2C%20US%2C%2082001&#038;t=m&#038;z=10&#038;output=embed&#038;iwloc=near\"\n\t\t\t\t\ttitle=\"7778, 1021 E Lincolnway, Cheyenne, WY, Laramie, US, 82001\"\n\t\t\t\t\taria-label=\"7778, 1021 E Lincolnway, Cheyenne, WY, Laramie, US, 82001\"\n\t\t\t><\/iframe>\n\t\t<\/div>\n\t\t\t\t\t\t<\/div>\n\t\t\t\t<\/div>\n\t\t\t\t<\/div>\n\t\t\t\t<\/div>\n\t\t","protected":false},"excerpt":{"rendered":"<p>Entrer en contact Nos coordonn\u00e9es Notre adresse 7778, 1021 E Lincolnway, Cheyenne, WY, Laramie, US, 82001 Num\u00e9ro de t\u00e9l\u00e9phone +01 234 567 890 +09 876 543 210 E-mail admin@divingseasons.com support24@tourm.com Reservar un tour Africa AdventureAfrica WildAsiaScandinaviaWestern Europe Enviar mensaje<\/p>\n","protected":false},"author":1,"featured_media":0,"parent":0,"menu_order":0,"comment_status":"closed","ping_status":"closed","template":"template-builder.php","meta":{"_acf_changed":false,"_joinchat":[],"footnotes":""},"class_list":["post-8224","page","type-page","status-publish","hentry"],"acf":[],"_links":{"self":[{"href":"https:\/\/divingseasons.com\/fr\/wp-json\/wp\/v2\/pages\/8224","targetHints":{"allow":["GET"]}}],"collection":[{"href":"https:\/\/divingseasons.com\/fr\/wp-json\/wp\/v2\/pages"}],"about":[{"href":"https:\/\/divingseasons.com\/fr\/wp-json\/wp\/v2\/types\/page"}],"author":[{"embeddable":true,"href":"https:\/\/divingseasons.com\/fr\/wp-json\/wp\/v2\/users\/1"}],"replies":[{"embeddable":true,"href":"https:\/\/divingseasons.com\/fr\/wp-json\/wp\/v2\/comments?post=8224"}],"version-history":[{"count":4,"href":"https:\/\/divingseasons.com\/fr\/wp-json\/wp\/v2\/pages\/8224\/revisions"}],"predecessor-version":[{"id":8909,"href":"https:\/\/divingseasons.com\/fr\/wp-json\/wp\/v2\/pages\/8224\/revisions\/8909"}],"wp:attachment":[{"href":"https:\/\/divingseasons.com\/fr\/wp-json\/wp\/v2\/media?parent=8224"}],"curies":[{"name":"wp","href":"https:\/\/api.w.org\/{rel}","templated":true}]}}