{"id":7873,"date":"2025-02-18T10:11:21","date_gmt":"2025-02-18T10:11:21","guid":{"rendered":"https:\/\/divingseasons.com\/raja-ampat\/"},"modified":"2025-04-02T12:00:31","modified_gmt":"2025-04-02T12:00:31","slug":"raja-ampat","status":"publish","type":"page","link":"https:\/\/divingseasons.com\/fr\/raja-ampat\/","title":{"rendered":"Raja Ampat"},"content":{"rendered":"\t\t<div data-elementor-type=\"wp-page\" data-elementor-id=\"7873\" class=\"elementor elementor-7873 elementor-5529\" data-elementor-post-type=\"page\">\n\t\t\t\t<div class=\"elementor-element elementor-element-bdc1931 e-flex e-con-boxed e-con e-parent\" data-id=\"bdc1931\" data-element_type=\"container\" data-e-type=\"container\">\n\t\t\t\t\t<div class=\"e-con-inner\">\n\t\t\t\t<div class=\"elementor-element elementor-element-f61094b e-n-tabs-mobile elementor-widget elementor-widget-n-tabs\" data-id=\"f61094b\" data-element_type=\"widget\" data-e-type=\"widget\" data-settings=\"{&quot;tabs_justify_horizontal&quot;:&quot;center&quot;,&quot;horizontal_scroll&quot;:&quot;disable&quot;}\" data-widget_type=\"nested-tabs.default\">\n\t\t\t\t<div class=\"elementor-widget-container\">\n\t\t\t\t\t\t\t<div class=\"e-n-tabs\" data-widget-number=\"258017611\" aria-label=\"Onglets. Ouvrez des \u00e9l\u00e9ments avec Entrer ou Espace, fermez-les avec Echape et naviguez \u00e0 l&#039;aide des touches fl\u00e9ch\u00e9es.\">\n\t\t\t<div class=\"e-n-tabs-heading\" role=\"tablist\">\n\t\t\t\t\t<button id=\"e-n-tab-title-2580176111\" data-tab-title-id=\"e-n-tab-title-2580176111\" class=\"e-n-tab-title\" aria-selected=\"true\" data-tab-index=\"1\" role=\"tab\" tabindex=\"0\" aria-controls=\"e-n-tab-content-2580176111\" style=\"--n-tabs-title-order: 1;\">\n\t\t\t\t\t<span class=\"e-n-tab-icon\">\n\t\t\t<svg xmlns=\"http:\/\/www.w3.org\/2000\/svg\" width=\"20\" height=\"20\" viewBox=\"0 0 20 20\" fill=\"none\"><path d=\"M17.8984 15.9141H2.11719C1.39063 15.9141 0.796875 15.3203 0.796875 14.5938V2.77344C0.796875 2.04688 1.39063 1.45312 2.11719 1.45312H17.8984C18.625 1.45312 19.2188 2.04688 19.2188 2.77344V14.6016C19.2188 15.3203 18.625 15.9141 17.8984 15.9141ZM2.125 14.5938H17.9062V2.77344H2.125V14.5938C2.11719 14.5938 2.11719 14.5938 2.125 14.5938ZM1.4375 18.5469C1.07031 18.5469 0.78125 18.25 0.78125 17.8906C0.78125 17.5234 1.07812 17.2344 1.4375 17.2344L18.5469 17.2188C18.9141 17.2188 19.2031 17.5156 19.2031 17.875C19.2031 18.2422 18.9062 18.5313 18.5469 18.5313L1.4375 18.5469ZM7.39062 12.2578C6.82031 12.2578 6.53125 11.6875 6.38281 11.4141C6.21875 11.0938 6.04687 10.6719 5.875 10.2734C5.74219 9.95313 5.60156 9.625 5.47656 9.35156C5.42969 9.25 5.39062 9.17188 5.35156 9.10938C5.25 9.1875 5.11719 9.3125 4.94531 9.50781C4.70312 9.78125 4.52344 10.0313 4.52344 10.0313C4.3125 10.3281 3.89844 10.3984 3.60938 10.1797C3.3125 9.96875 3.24219 9.55469 3.46094 9.26563C3.46875 9.25 3.72656 8.89844 4.05469 8.53906C4.60156 7.94531 5.0625 7.67188 5.5 7.66406H5.50781C5.78125 7.66406 6.02344 7.78906 6.23438 8.03906C6.33594 8.16406 6.44531 8.32813 6.55469 8.54688C6.73438 8.89063 6.92188 9.33594 7.09375 9.75781C7.17188 9.94531 7.27344 10.2031 7.38281 10.4453C7.55469 10.0938 7.74219 9.65625 7.89062 9.34375C8.78906 7.32031 9.25781 6.34375 10.0312 6.34375C10.7422 6.34375 11.3281 7.04688 12.2109 8.20313C12.3594 8.40625 12.5703 8.67188 12.7266 8.85156C12.9531 8.64844 13.4062 8.17969 14.2109 7.09375C14.8828 6.19531 15.4531 5.32813 15.4609 5.32031C15.6641 5.01563 16.0703 4.92969 16.375 5.13281C16.6797 5.33594 16.7656 5.74219 16.5625 6.04688C16.5391 6.08594 15.8906 7.0625 15.1406 8.05469C14.6953 8.64844 14.3047 9.125 13.9766 9.46875C13.4219 10.0547 13.0469 10.2969 12.6641 10.2969C12.2969 10.2969 12.0234 10.0391 11.7734 9.76563C11.5937 9.55469 11.3828 9.28906 11.1719 9.00781C10.9297 8.6875 10.6719 8.35156 10.4297 8.08594C10.3047 7.94531 10.2031 7.84375 10.1328 7.78125C10.0547 7.89844 9.94531 8.07813 9.79688 8.375C9.57031 8.82031 9.32813 9.35938 9.09375 9.88281C8.85938 10.4141 8.63281 10.9141 8.4375 11.2969C8.32031 11.5234 8.21875 11.6953 8.125 11.8203C8.03906 11.9297 7.79687 12.2578 7.39062 12.2578Z\" fill=\"#3FCBCB\"><\/path><\/svg>\t\t\t<svg xmlns=\"http:\/\/www.w3.org\/2000\/svg\" width=\"20\" height=\"20\" viewBox=\"0 0 20 20\" fill=\"none\"><path d=\"M17.8984 15.9141H2.11719C1.39063 15.9141 0.796875 15.3203 0.796875 14.5938V2.77344C0.796875 2.04688 1.39063 1.45312 2.11719 1.45312H17.8984C18.625 1.45312 19.2188 2.04688 19.2188 2.77344V14.6016C19.2188 15.3203 18.625 15.9141 17.8984 15.9141ZM2.125 14.5938H17.9062V2.77344H2.125V14.5938C2.11719 14.5938 2.11719 14.5938 2.125 14.5938ZM1.4375 18.5469C1.07031 18.5469 0.78125 18.25 0.78125 17.8906C0.78125 17.5234 1.07812 17.2344 1.4375 17.2344L18.5469 17.2188C18.9141 17.2188 19.2031 17.5156 19.2031 17.875C19.2031 18.2422 18.9062 18.5313 18.5469 18.5313L1.4375 18.5469ZM7.39062 12.2578C6.82031 12.2578 6.53125 11.6875 6.38281 11.4141C6.21875 11.0938 6.04687 10.6719 5.875 10.2734C5.74219 9.95313 5.60156 9.625 5.47656 9.35156C5.42969 9.25 5.39062 9.17188 5.35156 9.10938C5.25 9.1875 5.11719 9.3125 4.94531 9.50781C4.70312 9.78125 4.52344 10.0313 4.52344 10.0313C4.3125 10.3281 3.89844 10.3984 3.60938 10.1797C3.3125 9.96875 3.24219 9.55469 3.46094 9.26563C3.46875 9.25 3.72656 8.89844 4.05469 8.53906C4.60156 7.94531 5.0625 7.67188 5.5 7.66406H5.50781C5.78125 7.66406 6.02344 7.78906 6.23438 8.03906C6.33594 8.16406 6.44531 8.32813 6.55469 8.54688C6.73438 8.89063 6.92188 9.33594 7.09375 9.75781C7.17188 9.94531 7.27344 10.2031 7.38281 10.4453C7.55469 10.0938 7.74219 9.65625 7.89062 9.34375C8.78906 7.32031 9.25781 6.34375 10.0312 6.34375C10.7422 6.34375 11.3281 7.04688 12.2109 8.20313C12.3594 8.40625 12.5703 8.67188 12.7266 8.85156C12.9531 8.64844 13.4062 8.17969 14.2109 7.09375C14.8828 6.19531 15.4531 5.32813 15.4609 5.32031C15.6641 5.01563 16.0703 4.92969 16.375 5.13281C16.6797 5.33594 16.7656 5.74219 16.5625 6.04688C16.5391 6.08594 15.8906 7.0625 15.1406 8.05469C14.6953 8.64844 14.3047 9.125 13.9766 9.46875C13.4219 10.0547 13.0469 10.2969 12.6641 10.2969C12.2969 10.2969 12.0234 10.0391 11.7734 9.76563C11.5937 9.55469 11.3828 9.28906 11.1719 9.00781C10.9297 8.6875 10.6719 8.35156 10.4297 8.08594C10.3047 7.94531 10.2031 7.84375 10.1328 7.78125C10.0547 7.89844 9.94531 8.07813 9.79688 8.375C9.57031 8.82031 9.32813 9.35938 9.09375 9.88281C8.85938 10.4141 8.63281 10.9141 8.4375 11.2969C8.32031 11.5234 8.21875 11.6953 8.125 11.8203C8.03906 11.9297 7.79687 12.2578 7.39062 12.2578Z\" fill=\"white\"><\/path><\/svg>\t\t<\/span>\n\t\t\t\t\t<span class=\"e-n-tab-title-text\">\n\t\t\t\tBateau de croisi\u00e8re\t\t\t<\/span>\n\t\t<\/button>\n\t\t\t\t<button id=\"e-n-tab-title-2580176112\" data-tab-title-id=\"e-n-tab-title-2580176112\" class=\"e-n-tab-title\" aria-selected=\"false\" data-tab-index=\"2\" role=\"tab\" tabindex=\"-1\" aria-controls=\"e-n-tab-content-2580176112\" style=\"--n-tabs-title-order: 2;\">\n\t\t\t\t\t<span class=\"e-n-tab-icon\">\n\t\t\t<i aria-hidden=\"true\" class=\"fas fa-hotel\"><\/i>\t\t\t<i aria-hidden=\"true\" class=\"fas fa-hotel\"><\/i>\t\t<\/span>\n\t\t\t\t\t<span class=\"e-n-tab-title-text\">\n\t\t\t\tH\u00f4tels\t\t\t<\/span>\n\t\t<\/button>\n\t\t\t\t\t<\/div>\n\t\t\t<div class=\"e-n-tabs-content\">\n\t\t\t\t<div id=\"e-n-tab-content-2580176111\" role=\"tabpanel\" aria-labelledby=\"e-n-tab-title-2580176111\" data-tab-index=\"1\" style=\"--n-tabs-title-order: 1;\" class=\"e-active elementor-element elementor-element-3276a3d e-con-full e-flex e-con e-child\" data-id=\"3276a3d\" data-element_type=\"container\" data-e-type=\"container\">\n\t\t\t\t<div class=\"elementor-element elementor-element-d210bc6 elementor-widget__width-inherit elementor-widget elementor-widget-html\" data-id=\"d210bc6\" data-element_type=\"widget\" data-e-type=\"widget\" data-widget_type=\"html.default\">\n\t\t\t\t<div class=\"elementor-widget-container\">\n\t\t\t\t\t<div id=\"insqwdgt-dO2EWVeteG\"><script>(function(w,d,s,n,i,k,p){var f=d.getElementsByTagName(s)[0],j=d.createElement(s);w[n]=w[n]||{};j.async=true;j.src='\/\/app.inseanq.com\/bookwidgetagency.js?ts='+(new Date().getTime())+'&k='+k+'&p='+p;w[n].k=i;f.parentNode.insertBefore(j,f);})(window,document,'script','NSQWDGT-dO2EWVeteG','dO2EWVeteGKYXHmoM49SOQyvqKkvwAd9YmUZYdtZDug1zcIh06d5jbOVIO7G', 'dO2EWVeteG', '0');<\/script><\/div>\t\t\t\t<\/div>\n\t\t\t\t<\/div>\n\t\t\t\t<\/div>\n\t\t<div id=\"e-n-tab-content-2580176112\" role=\"tabpanel\" aria-labelledby=\"e-n-tab-title-2580176112\" data-tab-index=\"2\" style=\"--n-tabs-title-order: 2;\" class=\" elementor-element elementor-element-47d4488 e-con-full e-flex e-con e-child\" data-id=\"47d4488\" data-element_type=\"container\" data-e-type=\"container\">\n\t\t\t\t<div class=\"elementor-element elementor-element-a6b90f2 elementor-widget elementor-widget-html\" data-id=\"a6b90f2\" data-element_type=\"widget\" data-e-type=\"widget\" data-widget_type=\"html.default\">\n\t\t\t\t<div class=\"elementor-widget-container\">\n\t\t\t\t\t<h2 style=\"text-align:center\">H\u00f4tels<\/h2>\t\t\t\t<\/div>\n\t\t\t\t<\/div>\n\t\t\t\t<\/div>\n\t\t\t\t\t<\/div>\n\t\t<\/div>\n\t\t\t\t\t\t<\/div>\n\t\t\t\t<\/div>\n\t\t\t\t\t<\/div>\n\t\t\t\t<\/div>\n\t\t\t\t<\/div>\n\t\t","protected":false},"excerpt":{"rendered":"<p>Bateau de croisi\u00e8re H\u00f4tels H\u00f4tels H\u00f4tels<\/p>\n","protected":false},"author":1,"featured_media":0,"parent":0,"menu_order":0,"comment_status":"closed","ping_status":"closed","template":"","meta":{"_acf_changed":false,"_joinchat":[],"footnotes":""},"class_list":["post-7873","page","type-page","status-publish","hentry"],"acf":[],"_links":{"self":[{"href":"https:\/\/divingseasons.com\/fr\/wp-json\/wp\/v2\/pages\/7873","targetHints":{"allow":["GET"]}}],"collection":[{"href":"https:\/\/divingseasons.com\/fr\/wp-json\/wp\/v2\/pages"}],"about":[{"href":"https:\/\/divingseasons.com\/fr\/wp-json\/wp\/v2\/types\/page"}],"author":[{"embeddable":true,"href":"https:\/\/divingseasons.com\/fr\/wp-json\/wp\/v2\/users\/1"}],"replies":[{"embeddable":true,"href":"https:\/\/divingseasons.com\/fr\/wp-json\/wp\/v2\/comments?post=7873"}],"version-history":[{"count":1,"href":"https:\/\/divingseasons.com\/fr\/wp-json\/wp\/v2\/pages\/7873\/revisions"}],"predecessor-version":[{"id":7878,"href":"https:\/\/divingseasons.com\/fr\/wp-json\/wp\/v2\/pages\/7873\/revisions\/7878"}],"wp:attachment":[{"href":"https:\/\/divingseasons.com\/fr\/wp-json\/wp\/v2\/media?parent=7873"}],"curies":[{"name":"wp","href":"https:\/\/api.w.org\/{rel}","templated":true}]}}