{"id":9708,"date":"2025-04-11T01:15:56","date_gmt":"2025-04-11T01:15:56","guid":{"rendered":"https:\/\/divingseasons.com\/?page_id=9708"},"modified":"2025-04-14T12:14:24","modified_gmt":"2025-04-14T12:14:24","slug":"prana-oceanico","status":"publish","type":"page","link":"https:\/\/divingseasons.com\/es\/prana-oceanico\/","title":{"rendered":"Prana oce\u00e1nico"},"content":{"rendered":"\t\t<div data-elementor-type=\"wp-page\" data-elementor-id=\"9708\" class=\"elementor elementor-9708 elementor-9563\" data-elementor-post-type=\"page\">\n\t\t\t\t<div class=\"elementor-element elementor-element-469b1c64 e-flex e-con-boxed e-con e-parent\" data-id=\"469b1c64\" data-element_type=\"container\" data-e-type=\"container\">\n\t\t\t\t\t<div class=\"e-con-inner\">\n\t\t\r\n\t\t<div class=\"elementor-element elementor-element-4b5968e0 elementor-widget__width-inherit elementor-widget-mobile__width-inherit elementor-widget elementor-widget-tourmsectiontitle\" data-id=\"4b5968e0\" data-element_type=\"widget\" data-e-type=\"widget\" data-widget_type=\"tourmsectiontitle.default\">\n\t\t\t\t<div class=\"elementor-widget-container\">\n\t\t\t\t\t\t\t<div class=\"title-area text-center \">\r\n\t\t\t<span class=\"sub-title \">Freedivers village<\/span><h2 class=\"sec-title \">Ocean prana<\/h2>\t\t<\/div>\r\n\r\n\t\t\t\t\t<\/div>\n\t\t\t\t<\/div>\n\t\t\t\t<div class=\"elementor-element elementor-element-6fd5f93 elementor-widget elementor-widget-tourmsliderimage\" data-id=\"6fd5f93\" data-element_type=\"widget\" data-e-type=\"widget\" data-widget_type=\"tourmsliderimage.default\">\n\t\t\t\t<div class=\"elementor-widget-container\">\n\t\t\t\t\t<div class=\"container-fuild\"><div class=\"row gy-4 gallery-row4\"><div class=\"col-auto\"><div class=\"gallery-box style5\"><div class=\"gallery-img global-img\"><img decoding=\"async\" src=\"https:\/\/divingseasons.com\/wp-content\/uploads\/2025\/04\/oceanpranabali.avif\" alt=\"oceanpranabali\"  \/><a href=\"https:\/\/divingseasons.com\/wp-content\/uploads\/2025\/04\/oceanpranabali.avif\" class=\"icon-btn popup-image\"><i class=\"fal fa-magnifying-glass-plus\"><\/i><\/a><\/div><\/div><\/div><div class=\"col-auto\"><div class=\"gallery-box style5\"><div class=\"gallery-img global-img\"><img decoding=\"async\" src=\"https:\/\/divingseasons.com\/wp-content\/uploads\/2025\/04\/oceanphrana.avif\" alt=\"oceanphrana\"  \/><a href=\"https:\/\/divingseasons.com\/wp-content\/uploads\/2025\/04\/oceanphrana.avif\" class=\"icon-btn popup-image\"><i class=\"fal fa-magnifying-glass-plus\"><\/i><\/a><\/div><\/div><\/div><div class=\"col-auto\"><div class=\"gallery-box style5\"><div class=\"gallery-img global-img\"><img decoding=\"async\" src=\"https:\/\/divingseasons.com\/wp-content\/uploads\/2025\/04\/ocean-pranabali.avif\" alt=\"ocean pranabali\"  \/><a href=\"https:\/\/divingseasons.com\/wp-content\/uploads\/2025\/04\/ocean-pranabali.avif\" class=\"icon-btn popup-image\"><i class=\"fal fa-magnifying-glass-plus\"><\/i><\/a><\/div><\/div><\/div><div class=\"col-auto\"><div class=\"gallery-box style5\"><div class=\"gallery-img global-img\"><img decoding=\"async\" src=\"https:\/\/divingseasons.com\/wp-content\/uploads\/2025\/04\/woman-with-flippers-swimming-ocean-scaled.jpg\" alt=\"woman with flippers swimming ocean scaled\"  \/><a href=\"https:\/\/divingseasons.com\/wp-content\/uploads\/2025\/04\/woman-with-flippers-swimming-ocean-scaled.jpg\" class=\"icon-btn popup-image\"><i class=\"fal fa-magnifying-glass-plus\"><\/i><\/a><\/div><\/div><\/div><\/div><\/div>\t\t\t\t<\/div>\n\t\t\t\t<\/div>\n\t\t\t\t\t<\/div>\n\t\t\t\t<\/div>\n\t\t<div class=\"elementor-element elementor-element-40cd41a0 e-flex e-con-boxed e-con e-parent\" data-id=\"40cd41a0\" data-element_type=\"container\" data-e-type=\"container\">\n\t\t\t\t\t<div class=\"e-con-inner\">\n\t\t\t\t<div class=\"elementor-element elementor-element-1f05b028 elementor-widget__width-inherit elementor-widget-mobile__width-inherit elementor-widget elementor-widget-tourmsectiontitle\" data-id=\"1f05b028\" data-element_type=\"widget\" data-e-type=\"widget\" data-widget_type=\"tourmsectiontitle.default\">\n\t\t\t\t<div class=\"elementor-widget-container\">\n\t\t\t\t\t\t\t<div class=\"title-area text-left \">\r\n\t\t\t<h3 class=\"sec-title \">Overview<\/h3>\t\t<\/div>\r\n\r\n\t\t\t\t\t<\/div>\n\t\t\t\t<\/div>\n\t\t\t\t<div class=\"elementor-element elementor-element-380a1a9e elementor-widget__width-inherit elementor-widget-mobile__width-inherit elementor-widget elementor-widget-text-editor\" data-id=\"380a1a9e\" data-element_type=\"widget\" data-e-type=\"widget\" data-widget_type=\"text-editor.default\">\n\t\t\t\t<div class=\"elementor-widget-container\">\n\t\t\t\t\t\t\t\t\t<p class=\"\" data-start=\"159\" data-end=\"428\"><strong data-start=\"159\" data-end=\"267\">Descubre tu calma interior y alcanza nuevas profundidades en Ocean Prana, la principal escuela de apnea y yoga de Amed.<\/strong>  Situado en la tranquila costa este de Bali, Oc\u00e9ano Prana ofrece un entorno sereno y profesional para cualquiera que desee explorar el oc\u00e9ano y conectar consigo mismo.<\/p><p class=\"\" data-start=\"430\" data-end=\"965\"><strong data-start=\"430\" data-end=\"457\">\u00bfPor qu\u00e9 elegir Ocean Prana?<\/strong><br data-start=\"457\" data-end=\"460\">La escuela est\u00e1 dirigida por instructores de talla mundial, apasionados por la seguridad, el crecimiento personal y el rendimiento en el agua. Te entrenar\u00e1s en aguas tranquilas y transparentes, a s\u00f3lo unos pasos de la orilla. Ocean Prana ofrece una amplia gama de cursos de apnea con certificaci\u00f3n AIDA, desde el nivel principiante al avanzado, as\u00ed como entrenamiento personalizado y talleres para ayudarte a alcanzar todo tu potencial. Tambi\u00e9n puedes complementar tu entrenamiento con clases diarias de yoga dise\u00f1adas para mejorar tu respiraci\u00f3n, flexibilidad y concentraci\u00f3n mental.   <\/p><p class=\"\" data-start=\"967\" data-end=\"1225\"><strong data-start=\"967\" data-end=\"988\">El encanto de Amed<\/strong><br data-start=\"988\" data-end=\"991\">Amed es un tranquilo pueblo pesquero alejado del bullicio de las zonas m\u00e1s tur\u00edsticas de Bali. Aqu\u00ed, la vida transcurre a un ritmo m\u00e1s lento. Bucear\u00e1s en bah\u00edas volc\u00e1nicas de arena negra, rodeado de arrecifes de coral y disfrutar\u00e1s de impresionantes amaneceres sobre el monte Agung.  <\/p><p class=\"\" data-start=\"1227\" data-end=\"1457\"><strong data-start=\"1227\" data-end=\"1254\">M\u00e1s que una escuela<\/strong><br data-start=\"1254\" data-end=\"1257\">Ocean Prana es un espacio para aprender, crecer y reconectar. Ya sea relaj\u00e1ndote en el jard\u00edn, compartiendo historias con otros buceadores o uni\u00e9ndote a una meditaci\u00f3n al amanecer, la experiencia va m\u00e1s all\u00e1 de la apnea. <\/p><p class=\"\" data-start=\"1459\" data-end=\"1475\"><strong data-start=\"1459\" data-end=\"1473\">Ideal para:<\/strong><\/p><ul data-start=\"1476\" data-end=\"1641\"><li class=\"\" data-start=\"1476\" data-end=\"1514\"><p class=\"\" data-start=\"1478\" data-end=\"1514\">Principiantes con curiosidad por la apnea<\/p><\/li><li class=\"\" data-start=\"1515\" data-end=\"1575\"><p class=\"\" data-start=\"1517\" data-end=\"1575\">Buceadores certificados que quieran mejorar la t\u00e9cnica y la profundidad<\/p><\/li><li class=\"\" data-start=\"1576\" data-end=\"1641\"><p class=\"\" data-start=\"1578\" data-end=\"1641\">Viajeros que buscan una mezcla hol\u00edstica de aventura y atenci\u00f3n plena<\/p><\/li><\/ul><p class=\"\" data-start=\"1018\" data-end=\"1195\"> <\/p>\t\t\t\t\t\t\t\t<\/div>\n\t\t\t\t<\/div>\n\t\t<div class=\"elementor-element elementor-element-5afdc02a e-con-full e-flex e-con e-child\" data-id=\"5afdc02a\" data-element_type=\"container\" data-e-type=\"container\">\n\t\t<div class=\"elementor-element elementor-element-59c40efc e-con-full e-flex e-con e-child\" data-id=\"59c40efc\" data-element_type=\"container\" data-e-type=\"container\">\n\t\t<div class=\"elementor-element elementor-element-1bbbeb89 e-con-full e-flex e-con e-child\" data-id=\"1bbbeb89\" data-element_type=\"container\" data-e-type=\"container\">\n\t\t\t\t<div class=\"elementor-element elementor-element-15922e3b elementor-view-stacked elementor-position-inline-start elementor-shape-circle elementor-mobile-position-block-start elementor-widget elementor-widget-icon-box\" data-id=\"15922e3b\" data-element_type=\"widget\" data-e-type=\"widget\" data-widget_type=\"icon-box.default\">\n\t\t\t\t<div class=\"elementor-widget-container\">\n\t\t\t\t\t\t\t<div class=\"elementor-icon-box-wrapper\">\n\n\t\t\t\t\t\t<div class=\"elementor-icon-box-icon\">\n\t\t\t\t<span  class=\"elementor-icon\">\n\t\t\t\t<i aria-hidden=\"true\" class=\"far fa-file\"><\/i>\t\t\t\t<\/span>\n\t\t\t<\/div>\n\t\t\t\n\t\t\t\t\t\t<div class=\"elementor-icon-box-content\">\n\n\t\t\t\t\t\t\t\t\t<h3 class=\"elementor-icon-box-title\">\n\t\t\t\t\t\t<span  >\n\t\t\t\t\t\t\tActividades ofrecidas\t\t\t\t\t\t<\/span>\n\t\t\t\t\t<\/h3>\n\t\t\t\t\n\t\t\t\t\t\t\t\t\t<p class=\"elementor-icon-box-description\">\n\t\t\t\t\t\tCursos de buceo en apnea AIDA, yoga, inmersiones divertidas\t\t\t\t\t<\/p>\n\t\t\t\t\n\t\t\t<\/div>\n\t\t\t\n\t\t<\/div>\n\t\t\t\t\t\t<\/div>\n\t\t\t\t<\/div>\n\t\t\t\t<\/div>\n\t\t<div class=\"elementor-element elementor-element-79a2b09a e-con-full e-flex e-con e-child\" data-id=\"79a2b09a\" data-element_type=\"container\" data-e-type=\"container\">\n\t\t\t\t<div class=\"elementor-element elementor-element-238ec2c5 elementor-view-stacked elementor-position-inline-start elementor-shape-circle elementor-mobile-position-block-start elementor-widget elementor-widget-icon-box\" data-id=\"238ec2c5\" data-element_type=\"widget\" data-e-type=\"widget\" data-widget_type=\"icon-box.default\">\n\t\t\t\t<div class=\"elementor-widget-container\">\n\t\t\t\t\t\t\t<div class=\"elementor-icon-box-wrapper\">\n\n\t\t\t\t\t\t<div class=\"elementor-icon-box-icon\">\n\t\t\t\t<span  class=\"elementor-icon\">\n\t\t\t\t<i aria-hidden=\"true\" class=\"fas fa-star\"><\/i>\t\t\t\t<\/span>\n\t\t\t<\/div>\n\t\t\t\n\t\t\t\t\t\t<div class=\"elementor-icon-box-content\">\n\n\t\t\t\t\t\t\t\t\t<h3 class=\"elementor-icon-box-title\">\n\t\t\t\t\t\t<span  >\n\t\t\t\t\t\t\tIdiomas\t\t\t\t\t\t<\/span>\n\t\t\t\t\t<\/h3>\n\t\t\t\t\n\t\t\t\t\t\t\t\t\t<p class=\"elementor-icon-box-description\">\n\t\t\t\t\t\tIngl\u00e9s, franc\u00e9s, espa\u00f1ol, coreano, italiano\t\t\t\t\t<\/p>\n\t\t\t\t\n\t\t\t<\/div>\n\t\t\t\n\t\t<\/div>\n\t\t\t\t\t\t<\/div>\n\t\t\t\t<\/div>\n\t\t\t\t<\/div>\n\t\t<div class=\"elementor-element elementor-element-278f7374 e-con-full e-flex e-con e-child\" data-id=\"278f7374\" data-element_type=\"container\" data-e-type=\"container\">\n\t\t\t\t<div class=\"elementor-element elementor-element-40c54f51 elementor-view-stacked elementor-position-inline-start elementor-shape-circle elementor-mobile-position-block-start elementor-widget elementor-widget-icon-box\" data-id=\"40c54f51\" data-element_type=\"widget\" data-e-type=\"widget\" data-widget_type=\"icon-box.default\">\n\t\t\t\t<div class=\"elementor-widget-container\">\n\t\t\t\t\t\t\t<div class=\"elementor-icon-box-wrapper\">\n\n\t\t\t\t\t\t<div class=\"elementor-icon-box-icon\">\n\t\t\t\t<span  class=\"elementor-icon\">\n\t\t\t\t<i aria-hidden=\"true\" class=\"far fa-clock\"><\/i>\t\t\t\t<\/span>\n\t\t\t<\/div>\n\t\t\t\n\t\t\t\t\t\t<div class=\"elementor-icon-box-content\">\n\n\t\t\t\t\t\t\t\t\t<h3 class=\"elementor-icon-box-title\">\n\t\t\t\t\t\t<span  >\n\t\t\t\t\t\t\tHoras\t\t\t\t\t\t<\/span>\n\t\t\t\t\t<\/h3>\n\t\t\t\t\n\t\t\t\t\t\t\t\t\t<p class=\"elementor-icon-box-description\">\n\t\t\t\t\t\t<div class=\"working-hours\">\n   <div class=\"week-day\">\n      <div class=\"days\">\n         <span>Lun:<\/span>\n      <\/div>\n      <div class=\"hours\">\n         <span class=\"open-times\">\n         <span>11:00 AM<\/span>\n         <span class=\"delimeter\">-<\/span>\n         <span>20:00 H<\/span>\n         <\/span>\n      <\/div>\n   <\/div>\n   <div class=\"week-day\">\n      <div class=\"days\">\n         <span>Mar:<\/span>\n      <\/div>\n      <div class=\"hours\">\n         <span class=\"open-times\">\n         <span>11:00 AM<\/span>\n         <span class=\"delimeter\">-<\/span>\n         <span>20:00 H<\/span>\n         <\/span>\n      <\/div>\n   <\/div>\n   <div class=\"week-day\">\n      <div class=\"days\">\n         <span>Mier:<\/span>\n      <\/div>\n      <div class=\"hours\">\n         <span class=\"open-times\">\n         <span>11:00 AM<\/span>\n         <span class=\"delimeter\">-<\/span>\n         <span>20:00 H<\/span>\n         <\/span>\n      <\/div>\n   <\/div>\n   <div class=\"week-day\">\n      <div class=\"days\">\n         <span>Jue:<\/span>\n      <\/div>\n      <div class=\"hours\">\n         <span class=\"open-times\">\n         <span>11:00 AM<\/span>\n         <span class=\"delimeter\">-<\/span>\n         <span>20:00 H<\/span>\n         <\/span>\n      <\/div>\n   <\/div>\n   <div class=\"week-day\">\n      <div class=\"days\">\n         <span>Vie:<\/span>\n      <\/div>\n      <div class=\"hours\">\n         <span class=\"open-times\">\n         <span>11:00 AM<\/span>\n         <span class=\"delimeter\">-<\/span>\n         <span>20:00 H<\/span>\n         <\/span>\n      <\/div>\n   <\/div>\n   <div class=\"week-day\">\n      <div class=\"days\">\n         <span>S\u00e1b:<\/span>\n      <\/div>\n      <div class=\"hours\">\n         <span class=\"open-times\">\n         <span>11:00 AM<\/span>\n         <span class=\"delimeter\">-<\/span>\n         <span>20:00 H<\/span>\n         <\/span>\n      <\/div>\n   <\/div>\n   <div class=\"week-day\">\n      <div class=\"days\">\n         <span>Sol:<\/span>\n      <\/div>\n      <div class=\"hours\">\n         <span class=\"open-times\">\n         <span>11:00 AM<\/span>\n         <span class=\"delimeter\">-<\/span>\n         <span>20:00 H<\/span>\n         <\/span>\n      <\/div>\n   <\/div>\n<\/div>\t\t\t\t\t<\/p>\n\t\t\t\t\n\t\t\t<\/div>\n\t\t\t\n\t\t<\/div>\n\t\t\t\t\t\t<\/div>\n\t\t\t\t<\/div>\n\t\t\t\t<\/div>\n\t\t\t\t<\/div>\n\t\t<div class=\"elementor-element elementor-element-3fcd1731 e-con-full e-flex e-con e-child\" data-id=\"3fcd1731\" data-element_type=\"container\" data-e-type=\"container\">\n\t\t<div class=\"elementor-element elementor-element-3f2ce130 e-con-full e-flex e-con e-child\" data-id=\"3f2ce130\" data-element_type=\"container\" data-e-type=\"container\">\n\t\t\t\t<div class=\"elementor-element elementor-element-72bdd21d elementor-view-stacked elementor-position-inline-start elementor-shape-circle elementor-mobile-position-block-start elementor-widget elementor-widget-icon-box\" data-id=\"72bdd21d\" data-element_type=\"widget\" data-e-type=\"widget\" data-widget_type=\"icon-box.default\">\n\t\t\t\t<div class=\"elementor-widget-container\">\n\t\t\t\t\t\t\t<div class=\"elementor-icon-box-wrapper\">\n\n\t\t\t\t\t\t<div class=\"elementor-icon-box-icon\">\n\t\t\t\t<a href=\"tel:+62%20361%204738020\" class=\"elementor-icon\" tabindex=\"-1\" aria-label=\"Direcci\u00f3n\">\n\t\t\t\t<i aria-hidden=\"true\" class=\"fas fa-map-marker-alt\"><\/i>\t\t\t\t<\/a>\n\t\t\t<\/div>\n\t\t\t\n\t\t\t\t\t\t<div class=\"elementor-icon-box-content\">\n\n\t\t\t\t\t\t\t\t\t<h3 class=\"elementor-icon-box-title\">\n\t\t\t\t\t\t<a href=\"tel:+62%20361%204738020\" >\n\t\t\t\t\t\t\tDirecci\u00f3n\t\t\t\t\t\t<\/a>\n\t\t\t\t\t<\/h3>\n\t\t\t\t\n\t\t\t\t\t\t\t\t\t<p class=\"elementor-icon-box-description\">\n\t\t\t\t\t\tJalan I Ketut Natih, Bah\u00eda de Jemeluk, Amed, Karangasem, Bali 80852, Indonesia\t\t\t\t\t<\/p>\n\t\t\t\t\n\t\t\t<\/div>\n\t\t\t\n\t\t<\/div>\n\t\t\t\t\t\t<\/div>\n\t\t\t\t<\/div>\n\t\t\t\t<\/div>\n\t\t\t\t<\/div>\n\t\t\t\t<\/div>\n\t\t\t\t\t<\/div>\n\t\t\t\t<\/div>\n\t\t<div class=\"elementor-element elementor-element-3b851fbe e-flex e-con-boxed e-con e-parent\" data-id=\"3b851fbe\" data-element_type=\"container\" data-e-type=\"container\">\n\t\t\t\t\t<div class=\"e-con-inner\">\n\t\t\t\t<div class=\"elementor-element elementor-element-401d3750 elementor-widget__width-inherit elementor-widget-mobile__width-inherit elementor-widget elementor-widget-tourmsectiontitle\" data-id=\"401d3750\" data-element_type=\"widget\" data-e-type=\"widget\" data-widget_type=\"tourmsectiontitle.default\">\n\t\t\t\t<div class=\"elementor-widget-container\">\n\t\t\t\t\t\t\t<div class=\"title-area text-left \">\r\n\t\t\t<h3 class=\"sec-title \">Our Courses<\/h3>\t\t<\/div>\r\n\r\n\t\t\t\t\t<\/div>\n\t\t\t\t<\/div>\n\t\t\t\t<div class=\"elementor-element elementor-element-4cbc297 elementor-widget elementor-widget-shortcode\" data-id=\"4cbc297\" data-element_type=\"widget\" data-e-type=\"widget\" data-widget_type=\"shortcode.default\">\n\t\t\t\t<div class=\"elementor-widget-container\">\n\t\t\t\t\t\t\t<div class=\"elementor-shortcode\">\n\n<style id=\"filter-inline-css-1\">#ymc-smart-filter-container-1 .filter-layout2 .filter-entry .filter-link, #ymc-extra-filter-1 .filter-layout2 .filter-entry .filter-link { font-family:Roboto;}<\/style><style id=\"post-inline-css-1\">#ymc-smart-filter-container-1 .container-posts .post-entry.post-layout1 {font-family:Roboto}<\/style><div id=\"ymc-smart-filter-container-1\" \r\n\t\t\t\t  class=\"ymc-smart-filter-container ymc-filter-5956 ymc-loaded-filter ymc-filter-layout2 ymc-post-layout1 ymc-pagination-numeric data-target-ymc5956-1 data-target-ymc1 \" data-loading=\"true\"\r\n\t\t\t\t  data-params='{\"cpt\":\"trip\",\"tax\":\"trip_types,difficulty\",\"terms\":\"62,63,64,78,79,65,66,68,69,70,71,72,77,73,74,75,76,80\",\"default_terms\":\"\",\"exclude_posts\":\"off\",\"choices_posts\":\"\",\"posts_selected\":\"all\",\"preloader_icon\":\"preloader_1\",\"type_pg\":\"numeric\",\"per_page\":\"4\",\"page\":\"1\",\"page_scroll\":\"1\",\"preloader_filters\":\"none\",\"preloader_filters_rate\":\"0.5\",\"preloader_filters_custom\":\"\",\"post_animation\":\"\",\"popup_animation\":\"normal\",\"letter\":\"\",\"post_layout\":\"post-layout1\",\"filter_layout\":\"filter-layout2\",\"filter_id\":\"5956\",\"search\":\"\",\"search_filtered_posts\":\"0\",\"carousel_params\":&quot;&quot;,\"filter_date\":\"\",\"sort_order\":\"\",\"sort_orderby\":\"\",\"meta_key\":\"\",\"meta_query\":\"\",\"date_query\":\"\",\"data_target\":\"data-target-ymc1\",\"target_id\":\"1\",\"page_id\":\"0\"}'>\r\n\r\n<div id=\"filter-layout2-1\" class=\"filter-layout filter-layout2 filter-layout2-5956 filter-layout2-5956-1\">\r\n\r\n\t\r\n\r\n\t<ul class=\"filter-entry\">\r\n\r\n\t\t<li class=\"filter-item\"><a class=\"filter-link all active\" aria-label=\"All\" role=\"button\" data-selected=\"all\" data-termid=\"62,63,64,78,79,65,66,68,69,70,71,72,77,73,74,75,76,80\">All<\/a><\/li><li class=\"group-filters tax-trip_types\" style=\"\">\r\n                          <header class=\"name-tax\">Diving<\/header>\r\n                          <ul class=\"sub-filters\"><li class='filter-item'>\r\n                                   <a class='filter-link  right-icon   ' style='' aria-label='Scuba Diving' role='button' data-selected='cat-scuba-diving' data-termid='62'><i class=\"fas fa-chevron-down\" style=\"color: #3c434a\"><\/i><span class=\"link-inner\">Scuba Diving<\/span><\/a><\/li><li class='filter-item'>\r\n                                   <a class='filter-link  right-icon   ' style='' aria-label='Fun Diving' role='button' data-selected='cat-fun-diving' data-termid='63'><i class=\"fas fa-chevron-down\" style=\"color: #3c434a\"><\/i><span class=\"link-inner\">Fun Diving<\/span><\/a><\/li><li class='filter-item'>\r\n                                   <a class='filter-link  right-icon   ' style='' aria-label='Free Diving' role='button' data-selected='cat-free-diving' data-termid='64'><i class=\"fas fa-chevron-down\" style=\"color: #3c434a\"><\/i><span class=\"link-inner\">Free Diving<\/span><\/a><\/li><li class='filter-item'>\r\n                                   <a class='filter-link  left-icon isDisabled  ' style='' aria-label='Unlimited Diving Package' role='button' data-selected='unlimited-diving-package' data-termid='78'><span class=\"link-inner\">Unlimited Diving Package<\/span><\/a><\/li><\/ul><\/li><li class=\"group-filters tax-difficulty\" style=\"\">\r\n                          <header class=\"name-tax\">Courses and Diving <\/header>\r\n                          <ul class=\"sub-filters\"><li class='filter-item'>\r\n                                   <a class='filter-link  left-icon   ' style='' aria-label='Discovery Scuba Diving (DSD)' role='button' data-selected='discovery-scuba-diving-dsd' data-termid='79'><span class=\"link-inner\">Discovery Scuba Diving (DSD)<\/span><\/a><\/li><li class='filter-item'>\r\n                                   <a class='filter-link  left-icon   ' style='' aria-label='Open water' role='button' data-selected='open-water' data-termid='65'><span class=\"link-inner\">Open water<\/span><\/a><\/li><li class='filter-item'>\r\n                                   <a class='filter-link  left-icon   ' style='' aria-label='Advance' role='button' data-selected='advance' data-termid='66'><span class=\"link-inner\">Advance<\/span><\/a><\/li><li class='filter-item'>\r\n                                   <a class='filter-link  left-icon   ' style='' aria-label='Rescue diver' role='button' data-selected='rescue-diver' data-termid='68'><span class=\"link-inner\">Rescue diver<\/span><\/a><\/li><li class='filter-item'>\r\n                                   <a class='filter-link  left-icon   ' style='' aria-label='Nitrox' role='button' data-selected='nitrox' data-termid='69'><span class=\"link-inner\">Nitrox<\/span><\/a><\/li><li class='filter-item'>\r\n                                   <a class='filter-link  left-icon   ' style='' aria-label='level 1' role='button' data-selected='level-1' data-termid='70'><span class=\"link-inner\">level 1<\/span><\/a><\/li><li class='filter-item'>\r\n                                   <a class='filter-link  left-icon   ' style='' aria-label='level 2' role='button' data-selected='level-2' data-termid='71'><span class=\"link-inner\">level 2<\/span><\/a><\/li><li class='filter-item'>\r\n                                   <a class='filter-link  left-icon   ' style='' aria-label='level 3' role='button' data-selected='level-3' data-termid='72'><span class=\"link-inner\">level 3<\/span><\/a><\/li><li class='filter-item'>\r\n                                   <a class='filter-link  left-icon   ' style='' aria-label='expert' role='button' data-selected='expert' data-termid='77'><span class=\"link-inner\">expert<\/span><\/a><\/li><li class='filter-item'>\r\n                                   <a class='filter-link  left-icon   ' style='' aria-label='2 dives' role='button' data-selected='2-dives' data-termid='73'><span class=\"link-inner\">2 dives<\/span><\/a><\/li><li class='filter-item'>\r\n                                   <a class='filter-link  left-icon   ' style='' aria-label='3 dives' role='button' data-selected='3-dives' data-termid='74'><span class=\"link-inner\">3 dives<\/span><\/a><\/li><li class='filter-item'>\r\n                                   <a class='filter-link  left-icon   ' style='' aria-label='5 dives' role='button' data-selected='5-dives' data-termid='75'><span class=\"link-inner\">5 dives<\/span><\/a><\/li><li class='filter-item'>\r\n                                   <a class='filter-link  left-icon   ' style='' aria-label='10 dives' role='button' data-selected='10-dives' data-termid='76'><span class=\"link-inner\">10 dives<\/span><\/a><\/li><li class='filter-item'>\r\n                                   <a class='filter-link  left-icon isDisabled  ' style='' aria-label='Deep Explorer Unlimited' role='button' data-selected='deep-explorer-unlimited' data-termid='80'><span class=\"link-inner\">Deep Explorer Unlimited<\/span><\/a><\/li><\/ul><\/li>\r\n\t<\/ul>\r\n\r\n    <div class=\"posts-found\"><\/div>\r\n\r\n\t\r\n<\/div>\r\n\r\n\r\n<div class=\"container-posts container-post-layout1\"><div class=\"post-entry ymc-xs-col-1 ymc-sm-col-2 ymc-md-col-3 ymc-lg-col-4 ymc-xl-col-4 ymc-xxl-col-4 post-layout1 post-layout1-5956 post-layout1-5956-1\"><\/div><\/div><\/div><\/div>\n\t\t\t\t\t\t<\/div>\n\t\t\t\t<\/div>\n\t\t\t\t\t<\/div>\n\t\t\t\t<\/div>\n\t\t\t\t<\/div>\n\t\t","protected":false},"excerpt":{"rendered":"<p>Freedivers village Ocean prana Overview Descubre tu calma interior y alcanza nuevas profundidades en Ocean Prana, la principal escuela de apnea y yoga de Amed. Situado en la tranquila costa este de Bali, Oc\u00e9ano Prana ofrece un entorno sereno y profesional para cualquiera que desee explorar el oc\u00e9ano y conectar consigo mismo. \u00bfPor qu\u00e9 elegir&#8230;<\/p>\n","protected":false},"author":1,"featured_media":0,"parent":0,"menu_order":0,"comment_status":"closed","ping_status":"closed","template":"elementor_header_footer","meta":{"_acf_changed":false,"_joinchat":[],"footnotes":""},"class_list":["post-9708","page","type-page","status-publish","hentry"],"acf":[],"_links":{"self":[{"href":"https:\/\/divingseasons.com\/es\/wp-json\/wp\/v2\/pages\/9708","targetHints":{"allow":["GET"]}}],"collection":[{"href":"https:\/\/divingseasons.com\/es\/wp-json\/wp\/v2\/pages"}],"about":[{"href":"https:\/\/divingseasons.com\/es\/wp-json\/wp\/v2\/types\/page"}],"author":[{"embeddable":true,"href":"https:\/\/divingseasons.com\/es\/wp-json\/wp\/v2\/users\/1"}],"replies":[{"embeddable":true,"href":"https:\/\/divingseasons.com\/es\/wp-json\/wp\/v2\/comments?post=9708"}],"version-history":[{"count":2,"href":"https:\/\/divingseasons.com\/es\/wp-json\/wp\/v2\/pages\/9708\/revisions"}],"predecessor-version":[{"id":9867,"href":"https:\/\/divingseasons.com\/es\/wp-json\/wp\/v2\/pages\/9708\/revisions\/9867"}],"wp:attachment":[{"href":"https:\/\/divingseasons.com\/es\/wp-json\/wp\/v2\/media?parent=9708"}],"curies":[{"name":"wp","href":"https:\/\/api.w.org\/{rel}","templated":true}]}}