{"id":7378,"date":"2022-03-16T04:40:23","date_gmt":"2022-03-16T04:40:23","guid":{"rendered":"https:\/\/divingseasons.com\/terminos-y-condiciones\/"},"modified":"2025-03-31T07:31:34","modified_gmt":"2025-03-31T07:31:34","slug":"terminos-y-condiciones","status":"publish","type":"page","link":"https:\/\/divingseasons.com\/es\/terminos-y-condiciones\/","title":{"rendered":"T\u00e9rminos y condiciones"},"content":{"rendered":"\t\t<div data-elementor-type=\"wp-page\" data-elementor-id=\"7378\" class=\"elementor elementor-7378 elementor-35\" data-elementor-post-type=\"page\">\n\t\t\t\t<div class=\"elementor-element elementor-element-c705818 e-flex e-con-boxed e-con e-child\" data-id=\"c705818\" data-element_type=\"container\" data-e-type=\"container\">\n\t\t\t\t\t<div class=\"e-con-inner\">\n\t\t\r\n\t\t<div class=\"elementor-element elementor-element-c4caa95 elementor-widget__width-inherit elementor-widget-mobile__width-inherit elementor-widget elementor-widget-text-editor\" data-id=\"c4caa95\" data-element_type=\"widget\" data-e-type=\"widget\" data-widget_type=\"text-editor.default\">\n\t\t\t\t<div class=\"elementor-widget-container\">\n\t\t\t\t\t\t\t\t\t<h3><strong>1. Introducci\u00f3n<\/strong><\/h3><p>Estos T\u00e9rminos y Condiciones rigen tu uso de nuestro sitio web, servicios y reservas. Al acceder a nuestro sitio web o adquirir nuestros servicios, aceptas cumplir estos T\u00e9rminos y Condiciones. Si no est\u00e1s de acuerdo, abstente de utilizar nuestros servicios.  <\/p><h3><strong>2. Informaci\u00f3n de la empresa<\/strong><\/h3><p>&#8211; Nombre de la empresa: Diving Seasons<br>&#8211; Identificaci\u00f3n de la empresa: 612243810<br>&#8211; Direcci\u00f3n registrada: 7778, 1021 E Lincolnway, Cheyenne, WY, Laramie, US, 82001<br>&#8211; Correo electr\u00f3nico: admin@divingseasons.com<\/p><h3><strong>3. Servicios ofrecidos<\/strong><\/h3><p>Diving Seasons ofrece cursos de buceo y apnea, viajes de buceo a bordo, reservas en centros de buceo y servicios de viaje relacionados. Las condiciones espec\u00edficas de cada servicio se describen en el momento de la reserva. <\/p><h3>4. Reserva y pago<\/h3><p>&#8211; Todas las reservas est\u00e1n sujetas a disponibilidad y confirmaci\u00f3n por parte de Diving Seasons.<br>&#8211; Los pagos deben efectuarse en su totalidad o seg\u00fan el plan de pago a plazos acordado en el momento de la reserva.<br>&#8211; Los precios se indican en USD y pueden estar sujetos a fluctuaciones del tipo de cambio para los clientes internacionales.<br>&#8211; Aceptamos pagos mediante tarjeta de cr\u00e9dito, transferencia bancaria y procesadores de pagos online aprobados.<\/p><h3><strong>5. Pol\u00edtica de cancelaci\u00f3n y reembolso<\/strong><\/h3><p>&#8211; Cancelaciones de clientes: Los reembolsos dependen del momento de la cancelaci\u00f3n y se ajustar\u00e1n a las pol\u00edticas de los proveedores externos. Los clientes deben revisar las condiciones de cancelaci\u00f3n espec\u00edficas proporcionadas por el proveedor del servicio antes de reservar. <br>&#8211; Cancelaciones de las Estaciones de Buceo: Si cancelamos debido a circunstancias imprevistas, los clientes tienen derecho a un reembolso completo o a una reprogramaci\u00f3n.<\/p><h3><strong>6. Responsabilidades del cliente<\/strong><\/h3><p>&#8211; Los clientes deben asegurarse de que cumplen los requisitos m\u00e9dicos y de certificaci\u00f3n para las actividades de buceo.<br>&#8211; Es responsabilidad del cliente obtener documentos de viaje, visados y seguros v\u00e1lidos, incluido el seguro de buceo.<br>&#8211; El cumplimiento de las leyes, reglamentos y directrices de buceo locales es obligatorio.<\/p><h3><strong>7. Responsabilidad y asunci\u00f3n de riesgos<\/strong><\/h3><p>&#8211; La participaci\u00f3n en actividades de buceo y apnea implica riesgos inherentes. Los clientes reconocen estos riesgos y asumen toda la responsabilidad de su participaci\u00f3n. <br>&#8211; Diving Seasons no se hace responsable de las lesiones, accidentes o p\u00e9rdidas materiales que se produzcan durante las actividades.<br>&#8211; Es posible que los clientes tengan que firmar una exenci\u00f3n de responsabilidad antes de participar.<\/p><h3><strong>8. Viajes y alojamiento<\/strong><\/h3><p>&#8211; Actuamos como intermediarios entre los clientes y terceros proveedores (complejos tur\u00edsticos, barcos y servicios de viaje).<br>&#8211; Diving Seasons no se hace responsable de retrasos, cancelaciones o problemas derivados de servicios de terceros.<\/p><h3><strong>9. Seguro<\/strong><\/h3><p>&#8211; Se recomienda encarecidamente a todos los clientes que contraten un seguro completo de viaje y de buceo.<br>&#8211; Algunos cursos y viajes de buceo pueden requerir una prueba de seguro de buceo v\u00e1lido antes de participar.<\/p><h3><strong>10. Fuerza mayor<\/strong><\/h3><p>Diving Seasons no se hace responsable de las interrupciones del servicio causadas por acontecimientos fuera de nuestro control, incluyendo pero no limitado a desastres naturales, inestabilidad pol\u00edtica, pandemias o fallos de los proveedores.<\/p><h3><strong>11. Cambios en los T\u00e9rminos y Condiciones<\/strong><\/h3><p>Nos reservamos el derecho a actualizar estas Condiciones Generales en cualquier momento. La \u00faltima versi\u00f3n estar\u00e1 disponible en nuestro sitio web. <\/p><h3><strong>12. Ley aplicable  <\/strong><\/h3><p>Estos T\u00e9rminos y Condiciones se rigen por las leyes del Estado de Wyoming, EE.UU.. Cualquier disputa se resolver\u00e1 en los tribunales apropiados dentro de Wyoming. <\/p><h3><strong>13. Informaci\u00f3n de contacto<\/strong><\/h3><p>Para cualquier consulta relativa a estos T\u00e9rminos y Condiciones, ponte en contacto con nosotros<br>en:<br>&#8211; Correo electr\u00f3nico: <a href=\"mailto:admin@divingseasons.com\">admin@divingseasons.com<\/a><br>&#8211; Direcci\u00f3n: 7778, 1021 E Lincolnway, Cheyenne, WY, Laramie, US, 82001<\/p>\t\t\t\t\t\t\t\t<\/div>\n\t\t\t\t<\/div>\n\t\t\t\t\t<\/div>\n\t\t\t\t<\/div>\n\t\t\t\t<\/div>\n\t\t","protected":false},"excerpt":{"rendered":"<p>1. Introducci\u00f3n Estos T\u00e9rminos y Condiciones rigen tu uso de nuestro sitio web, servicios y reservas. Al acceder a nuestro sitio web o adquirir nuestros servicios, aceptas cumplir estos T\u00e9rminos y Condiciones. Si no est\u00e1s de acuerdo, abstente de utilizar nuestros servicios. 2. Informaci\u00f3n de la empresa &#8211; Nombre de la empresa: Diving Seasons&#8211; Identificaci\u00f3n&#8230;<\/p>\n","protected":false},"author":1,"featured_media":0,"parent":0,"menu_order":0,"comment_status":"closed","ping_status":"closed","template":"","meta":{"_acf_changed":false,"_joinchat":[],"footnotes":""},"class_list":["post-7378","page","type-page","status-publish","hentry"],"acf":[],"_links":{"self":[{"href":"https:\/\/divingseasons.com\/es\/wp-json\/wp\/v2\/pages\/7378","targetHints":{"allow":["GET"]}}],"collection":[{"href":"https:\/\/divingseasons.com\/es\/wp-json\/wp\/v2\/pages"}],"about":[{"href":"https:\/\/divingseasons.com\/es\/wp-json\/wp\/v2\/types\/page"}],"author":[{"embeddable":true,"href":"https:\/\/divingseasons.com\/es\/wp-json\/wp\/v2\/users\/1"}],"replies":[{"embeddable":true,"href":"https:\/\/divingseasons.com\/es\/wp-json\/wp\/v2\/comments?post=7378"}],"version-history":[{"count":1,"href":"https:\/\/divingseasons.com\/es\/wp-json\/wp\/v2\/pages\/7378\/revisions"}],"predecessor-version":[{"id":7379,"href":"https:\/\/divingseasons.com\/es\/wp-json\/wp\/v2\/pages\/7378\/revisions\/7379"}],"wp:attachment":[{"href":"https:\/\/divingseasons.com\/es\/wp-json\/wp\/v2\/media?parent=7378"}],"curies":[{"name":"wp","href":"https:\/\/api.w.org\/{rel}","templated":true}]}}